{"id":222,"date":"2023-12-04T14:40:20","date_gmt":"2023-12-04T11:40:20","guid":{"rendered":"https:\/\/magaza.nemtut.com.tr\/?page_id=222"},"modified":"2026-01-03T17:16:30","modified_gmt":"2026-01-03T14:16:30","slug":"nedir","status":"publish","type":"page","link":"https:\/\/www.nemtut.com.tr\/index.php\/nedir","title":{"rendered":"NemTut Nedir?"},"content":{"rendered":"\n<h3 class=\"wp-block-heading\">NemTut, ortamda biriken nemi, rutubeti ve buna ba\u011fl\u0131 k\u00f6t\u00fc kokular\u0131 <strong>elektrik kullanmadan<\/strong>, <strong>tamamen do\u011fal ve pasif yollarla<\/strong> \u00e7eken ak\u0131ll\u0131 bir nem giderici \u00fcr\u00fcnd\u00fcr. \u0130\u00e7erisindeki \u00f6zel form\u00fcl sayesinde <strong>kendi a\u011f\u0131rl\u0131\u011f\u0131n\u0131n %100\u2019\u00fcne kadar su buhar\u0131n\u0131 adsorbe eder<\/strong>\u2014yani bir nem tuza\u011f\u0131 gibi \u00e7al\u0131\u015f\u0131r.<\/h3>\n\n\n\n<figure class=\"wp-block-image aligncenter size-large\"><img loading=\"lazy\" decoding=\"async\" width=\"1024\" height=\"536\" src=\"https:\/\/www.nemtut.com.tr\/wp-content\/uploads\/2026\/01\/NemTUT09-1024x536.jpeg\" alt=\"\" class=\"wp-image-803\" srcset=\"https:\/\/www.nemtut.com.tr\/wp-content\/uploads\/2026\/01\/NemTUT09-1024x536.jpeg 1024w, https:\/\/www.nemtut.com.tr\/wp-content\/uploads\/2026\/01\/NemTUT09-300x157.jpeg 300w, https:\/\/www.nemtut.com.tr\/wp-content\/uploads\/2026\/01\/NemTUT09-768x402.jpeg 768w, https:\/\/www.nemtut.com.tr\/wp-content\/uploads\/2026\/01\/NemTUT09.jpeg 1200w\" sizes=\"auto, (max-width: 1024px) 100vw, 1024px\" \/><\/figure>\n\n\n\n<p><strong>Neden NemTut?<\/strong><br>Nem, sadece rahats\u0131z edici bir his de\u011fil; giysilerde k\u00fcf, dolaplarda k\u00f6t\u00fc koku, metal y\u00fczeylerde pas ve hatta solunum yollar\u0131n\u0131 etkileyebilecek hava kalitesi sorunlar\u0131n\u0131n ba\u015fl\u0131ca nedenidir. NemTut, bu sorunlar\u0131n k\u00f6k\u00fcnden \u00e7\u00f6z\u00fcm sunar:<\/p>\n\n\n\n<ul class=\"wp-block-list\">\n<li>\ud83e\uddfa <strong>Dolap ve gardroplarda<\/strong> nemi emerek giysilerinizin taze kalmas\u0131n\u0131 sa\u011flar.<\/li>\n\n\n\n<li>\ud83e\uddea <strong>K\u00fcf ve rutubet kokusunu<\/strong> k\u00f6k\u00fcnden keser\u2014kokuyu bast\u0131rmaz, nemi alarak ortadan kald\u0131r\u0131r.<\/li>\n\n\n\n<li>\u2699\ufe0f <strong>Metal y\u00fczeylerde pas ve korozyonu<\/strong> \u00f6nlemeye yard\u0131mc\u0131 olur.<\/li>\n\n\n\n<li>\ud83c\udf2c\ufe0f Bulundu\u011fu ortam\u0131n havas\u0131n\u0131 <strong>temiz, taze ve sa\u011fl\u0131kl\u0131<\/strong> tutar.<\/li>\n\n\n\n<li>\u2744\ufe0f\u2600\ufe0f <strong>4 mevsim boyu<\/strong> kullan\u0131ma uygundur: Yaz\u0131n ter kokusuna kar\u015f\u0131, k\u0131\u015f\u0131n yo\u011fu\u015fmaya kar\u015f\u0131 etkilidir.<\/li>\n<\/ul>\n\n\n\n<p>En b\u00fcy\u00fck avantaj\u0131? <strong>Hi\u00e7 elektrik harcamaz<\/strong> ve <strong>ask\u0131l\u0131 \u00f6zel ambalaj\u0131<\/strong> sayesinde kullan\u0131m\u0131 son derece <strong>pratik, hijyenik ve g\u00fcvenlidir<\/strong>. Dolaba, araba i\u00e7ine, \u00e7antaya, spor e\u015fyalar\u0131n\u0131z\u0131n aras\u0131na\u2026 Nereye ihtiya\u00e7 varsa oraya aslay\u0131n\u2014NemTut sessizce i\u015fini yapar.<\/p>\n\n\n\n<p><strong>Nem varsa, \u00e7\u00f6z\u00fcm NemTut\u2019tur.<\/strong><br><em>Elektriksiz. Ask\u0131l\u0131. Etkili.<\/em><\/p>\n\n\n\n<figure class=\"wp-block-image size-large\"><img loading=\"lazy\" decoding=\"async\" width=\"1024\" height=\"215\" src=\"https:\/\/magaza.nemtut.com.tr\/wp-content\/uploads\/2023\/12\/Adsiz-tasarim-4-1024x215.png\" alt=\"\" class=\"wp-image-373\" srcset=\"https:\/\/www.nemtut.com.tr\/wp-content\/uploads\/2023\/12\/Adsiz-tasarim-4-1024x215.png 1024w, https:\/\/www.nemtut.com.tr\/wp-content\/uploads\/2023\/12\/Adsiz-tasarim-4-300x63.png 300w, https:\/\/www.nemtut.com.tr\/wp-content\/uploads\/2023\/12\/Adsiz-tasarim-4-768x162.png 768w, https:\/\/www.nemtut.com.tr\/wp-content\/uploads\/2023\/12\/Adsiz-tasarim-4-600x126.png 600w, https:\/\/www.nemtut.com.tr\/wp-content\/uploads\/2023\/12\/Adsiz-tasarim-4.png 1188w\" sizes=\"auto, (max-width: 1024px) 100vw, 1024px\" \/><\/figure>\n\n\n\n<div class=\"wp-block-buttons alignwide has-custom-font-size has-x-large-font-size is-content-justification-center is-layout-flex wp-container-core-buttons-is-layout-e7a9658e wp-block-buttons-is-layout-flex\" style=\"border-radius:0px;margin-top:0;margin-bottom:0;padding-top:0;padding-bottom:0\">\n<div class=\"wp-block-button is-style-outline is-style-outline--1\"><a class=\"wp-block-button__link has-ast-global-color-4-color has-text-color has-background has-link-color wp-element-button\" href=\"https:\/\/www.amazon.com.tr\/s?me=AONCGKBN23OYI&amp;marketplaceID=A33AVAJ2PDY3EV\" style=\"background:radial-gradient(rgb(2,3,129) 0%,rgb(40,116,252) 100%)\" target=\"_blank\" rel=\"noreferrer noopener\"><strong>amazon.com.tr<\/strong><\/a><\/div>\n\n\n\n<div class=\"wp-block-button is-style-outline is-style-outline--2\"><a class=\"wp-block-button__link has-ast-global-color-4-color has-electric-grass-gradient-background has-text-color has-background has-link-color wp-element-button\" href=\"https:\/\/www.ciceksepeti.com\/d\/tum-urunler?storeid=1500057499\" target=\"_blank\" rel=\"noreferrer noopener\"><strong>\u00e7i\u00e7eksepeti<\/strong><\/a><\/div>\n\n\n\n<div class=\"wp-block-button is-style-outline is-style-outline--3\"><a class=\"wp-block-button__link has-ast-global-color-4-color has-blush-bordeaux-gradient-background has-text-color has-background has-link-color wp-element-button\" href=\"https:\/\/www.hepsiburada.com\/magaza\/everest-pazarlama\" target=\"_blank\" rel=\"noreferrer noopener\"><strong>hepsiburada<\/strong><\/a><\/div>\n\n\n\n<div class=\"wp-block-button is-style-outline is-style-outline--4\"><a class=\"wp-block-button__link has-ast-global-color-4-color has-vivid-cyan-blue-to-vivid-purple-gradient-background has-text-color has-background has-link-color wp-element-button\" href=\"https:\/\/www.n11.com\/magaza\/everestpazar\" target=\"_blank\" rel=\"noreferrer noopener\"><strong>n11<\/strong><\/a><\/div>\n\n\n\n<div class=\"wp-block-button is-style-outline is-style-outline--5\"><a class=\"wp-block-button__link has-ast-global-color-4-color has-luminous-vivid-orange-to-vivid-red-gradient-background has-text-color has-background has-link-color wp-element-button\" href=\"https:\/\/www.koctas.com.tr\/everest-pazarlama\/s\/3184?_gl=1*162hd8s*_up*MQ..*_ga*MTU3MzM4NzU1Ny4xNzYxMjE3Nzg0*_ga_K0ZRSTYL5E*czE3NjEyMTc3ODMkbzEkZzEkdDE3NjEyMTc3OTIkajUxJGwwJGgw*_ga_H6RD3JSXEW*czE3NjEyMTc3ODMkbzEkZzEkdDE3NjEyMTc3OTIkajUxJGwwJGg3MzEzMzc0NDE.\" target=\"_blank\" rel=\"noreferrer noopener\"><strong>ko\u00e7ta\u015f<\/strong><\/a><\/div>\n\n\n\n<div class=\"wp-block-button is-style-outline is-style-outline--6\"><a class=\"wp-block-button__link has-ast-global-color-4-color has-luminous-vivid-amber-to-luminous-vivid-orange-gradient-background has-text-color has-background has-link-color wp-element-button\" href=\"https:\/\/www.trendyol.com\/magaza\/everest-pazarlama-m-698708?sst=0&amp;channelId=1&amp;event=0\" target=\"_blank\" rel=\"noreferrer noopener\"><strong>trendyol<\/strong><\/a><\/div>\n<\/div>\n","protected":false},"excerpt":{"rendered":"<p>NemTut, ortamda biriken nemi, rutubeti ve buna ba\u011fl\u0131 k\u00f6t\u00fc kokular\u0131 elektrik kullanmadan, tamamen do\u011fal ve pasif yollarla \u00e7eken ak\u0131ll\u0131 bir [&hellip;]<\/p>\n","protected":false},"author":1,"featured_media":0,"parent":0,"menu_order":0,"comment_status":"closed","ping_status":"closed","template":"","meta":{"site-sidebar-layout":"default","site-content-layout":"","ast-site-content-layout":"default","site-content-style":"default","site-sidebar-style":"default","ast-global-header-display":"","ast-banner-title-visibility":"","ast-main-header-display":"","ast-hfb-above-header-display":"","ast-hfb-below-header-display":"","ast-hfb-mobile-header-display":"","site-post-title":"","ast-breadcrumbs-content":"","ast-featured-img":"","footer-sml-layout":"","ast-disable-related-posts":"","theme-transparent-header-meta":"","adv-header-id-meta":"","stick-header-meta":"","header-above-stick-meta":"","header-main-stick-meta":"","header-below-stick-meta":"","astra-migrate-meta-layouts":"default","ast-page-background-enabled":"default","ast-page-background-meta":{"desktop":{"background-color":"var(--ast-global-color-5)","background-image":"","background-repeat":"repeat","background-position":"center center","background-size":"auto","background-attachment":"scroll","background-type":"","background-media":"","overlay-type":"","overlay-color":"","overlay-opacity":"","overlay-gradient":""},"tablet":{"background-color":"","background-image":"","background-repeat":"repeat","background-position":"center center","background-size":"auto","background-attachment":"scroll","background-type":"","background-media":"","overlay-type":"","overlay-color":"","overlay-opacity":"","overlay-gradient":""},"mobile":{"background-color":"","background-image":"","background-repeat":"repeat","background-position":"center center","background-size":"auto","background-attachment":"scroll","background-type":"","background-media":"","overlay-type":"","overlay-color":"","overlay-opacity":"","overlay-gradient":""}},"ast-content-background-meta":{"desktop":{"background-color":"var(--ast-global-color-4)","background-image":"","background-repeat":"repeat","background-position":"center center","background-size":"auto","background-attachment":"scroll","background-type":"","background-media":"","overlay-type":"","overlay-color":"","overlay-opacity":"","overlay-gradient":""},"tablet":{"background-color":"var(--ast-global-color-4)","background-image":"","background-repeat":"repeat","background-position":"center center","background-size":"auto","background-attachment":"scroll","background-type":"","background-media":"","overlay-type":"","overlay-color":"","overlay-opacity":"","overlay-gradient":""},"mobile":{"background-color":"var(--ast-global-color-4)","background-image":"","background-repeat":"repeat","background-position":"center center","background-size":"auto","background-attachment":"scroll","background-type":"","background-media":"","overlay-type":"","overlay-color":"","overlay-opacity":"","overlay-gradient":""}},"footnotes":""},"class_list":["post-222","page","type-page","status-publish","hentry"],"_links":{"self":[{"href":"https:\/\/www.nemtut.com.tr\/index.php\/wp-json\/wp\/v2\/pages\/222","targetHints":{"allow":["GET"]}}],"collection":[{"href":"https:\/\/www.nemtut.com.tr\/index.php\/wp-json\/wp\/v2\/pages"}],"about":[{"href":"https:\/\/www.nemtut.com.tr\/index.php\/wp-json\/wp\/v2\/types\/page"}],"author":[{"embeddable":true,"href":"https:\/\/www.nemtut.com.tr\/index.php\/wp-json\/wp\/v2\/users\/1"}],"replies":[{"embeddable":true,"href":"https:\/\/www.nemtut.com.tr\/index.php\/wp-json\/wp\/v2\/comments?post=222"}],"version-history":[{"count":9,"href":"https:\/\/www.nemtut.com.tr\/index.php\/wp-json\/wp\/v2\/pages\/222\/revisions"}],"predecessor-version":[{"id":866,"href":"https:\/\/www.nemtut.com.tr\/index.php\/wp-json\/wp\/v2\/pages\/222\/revisions\/866"}],"wp:attachment":[{"href":"https:\/\/www.nemtut.com.tr\/index.php\/wp-json\/wp\/v2\/media?parent=222"}],"curies":[{"name":"wp","href":"https:\/\/api.w.org\/{rel}","templated":true}]}}