{"id":227,"date":"2023-12-04T14:44:04","date_gmt":"2023-12-04T11:44:04","guid":{"rendered":"https:\/\/magaza.nemtut.com.tr\/?page_id=227"},"modified":"2026-01-03T17:15:49","modified_gmt":"2026-01-03T14:15:49","slug":"nerelerde-kullanilir","status":"publish","type":"page","link":"https:\/\/www.nemtut.com.tr\/index.php\/nerelerde-kullanilir","title":{"rendered":"NemTut Nerelerde Kullan\u0131l\u0131r?"},"content":{"rendered":"\n<figure class=\"wp-block-image aligncenter size-large\"><img loading=\"lazy\" decoding=\"async\" width=\"1024\" height=\"536\" src=\"https:\/\/www.nemtut.com.tr\/wp-content\/uploads\/2026\/01\/NemTUT07-1024x536.jpeg\" alt=\"\" class=\"wp-image-805\" srcset=\"https:\/\/www.nemtut.com.tr\/wp-content\/uploads\/2026\/01\/NemTUT07-1024x536.jpeg 1024w, https:\/\/www.nemtut.com.tr\/wp-content\/uploads\/2026\/01\/NemTUT07-300x157.jpeg 300w, https:\/\/www.nemtut.com.tr\/wp-content\/uploads\/2026\/01\/NemTUT07-768x402.jpeg 768w, https:\/\/www.nemtut.com.tr\/wp-content\/uploads\/2026\/01\/NemTUT07.jpeg 1200w\" sizes=\"auto, (max-width: 1024px) 100vw, 1024px\" \/><\/figure>\n\n\n\n<h4 class=\"wp-block-heading\"><strong>NemTut, <strong>nemin, rutubetin ve k\u00fcf\u00fcn oldu\u011fu her yerde<\/strong> devreye girer\u2014<strong>elektriksiz, bak\u0131ms\u0131z ve tamamen pasif<\/strong> bir \u015fekilde \u00e7al\u0131\u015f\u0131r. \u0130ster evinizde, ister b\u00fcy\u00fck \u00e7apl\u0131 ticari bir alanda olsun, NemTut ortam\u0131 taze, kuru ve sa\u011fl\u0131kl\u0131 h\u00e2le getirir.<\/strong><\/h4>\n\n\n\n<p><\/p>\n\n\n\n<p>\ud83c\udfe0 <strong>Ev ve Ya\u015fam Alanlar\u0131nda<\/strong><\/p>\n\n\n\n<ul class=\"wp-block-list\">\n<li>Dolap, gardrop, banyo, bodrum, \u00e7ama\u015f\u0131rhane gibi <strong>nemli k\u00f6\u015felerde<\/strong> k\u00f6t\u00fc koku ve k\u00fcf olu\u015fumunu \u00f6nler.<\/li>\n\n\n\n<li>Ask\u0131l\u0131 tasar\u0131m\u0131 sayesinde <strong>y\u00fcksek bir yere as\u0131l\u0131r<\/strong>, havadaki nemi emer ve alt hazneye s\u0131v\u0131 h\u00e2linde toplar.<\/li>\n\n\n\n<li>Sonu\u00e7: Daha <strong>temiz hava, taze giysiler ve sa\u011fl\u0131kl\u0131 bir ya\u015fam ortam\u0131<\/strong>.<\/li>\n<\/ul>\n\n\n\n<h4 class=\"wp-block-heading\">\ud83c\udfe2 <strong>Ofis, Otel, Hastane ve Hizmet Alanlar\u0131nda<\/strong><\/h4>\n\n\n\n<ul class=\"wp-block-list\">\n<li>Otel odalar\u0131nda <strong>taze koku hissi<\/strong>,<\/li>\n\n\n\n<li>Hastanelerde sterilizasyon sonras\u0131 <strong>rutubet kontrol\u00fc<\/strong>,<\/li>\n\n\n\n<li>Depolarda <strong>duyarl\u0131 malzemelerin korunmas\u0131<\/strong> i\u00e7in ideal bir \u00e7\u00f6z\u00fcm sunar.<\/li>\n\n\n\n<li>Hijyenik, kimyasal kokusuz ve <strong>tamamen kapal\u0131 ambalajl\u0131<\/strong> oldu\u011fu i\u00e7in g\u00fcvenle kullan\u0131labilir.<\/li>\n<\/ul>\n\n\n\n<h4 class=\"wp-block-heading\">\ud83d\ude9a <strong>Lojistik ve Ticari Alanlarda<\/strong><\/h4>\n\n\n\n<ul class=\"wp-block-list\">\n<li>Nakliye t\u0131rlar\u0131nda, konteynerlerde, antrepolar ve \u00fcretim tesislerinde:\n<ul class=\"wp-block-list\">\n<li>Metal y\u00fczeylerde <strong>korozyonu \u00f6nler<\/strong>,<\/li>\n\n\n\n<li>\u00dcr\u00fcnlerin <strong>nem hasar\u0131na u\u011framas\u0131n\u0131 engeller<\/strong>,<\/li>\n\n\n\n<li>Ortamdaki <strong>rutubet ve k\u00fcf riskini minimize eder<\/strong>.<\/li>\n<\/ul>\n<\/li>\n<\/ul>\n\n\n\n<p>\u2705 <strong>NemTut\u2019un en b\u00fcy\u00fck avantaj\u0131?<\/strong><\/p>\n\n\n\n<ul class=\"wp-block-list\">\n<li><strong>Hi\u00e7bir elektrik ba\u011flant\u0131s\u0131 gerektirmez<\/strong>,<\/li>\n\n\n\n<li><strong>Sa\u011fl\u0131\u011fa zararl\u0131 kimyasal i\u00e7ermez<\/strong>,<\/li>\n\n\n\n<li><strong>Kullan\u0131m\u0131 son derece pratiktir<\/strong>: Asla, unut\u2014NemTut sessizce i\u015fini yapar.<\/li>\n<\/ul>\n\n\n\n<p><strong>Nem, rutubet ve k\u00fcf sizin i\u00e7in bir sorun mu?<\/strong><br>O zaman NemTut, <strong>t\u00fcm ya\u015fam ve i\u015f alanlar\u0131n\u0131z i\u00e7in do\u011fal, g\u00fcvenli ve etkili \u00e7\u00f6z\u00fcm orta\u011f\u0131n\u0131z<\/strong>d\u0131r.<\/p>\n\n\n\n<figure class=\"wp-block-gallery has-nested-images columns-default is-cropped wp-block-gallery-1 is-layout-flex wp-block-gallery-is-layout-flex\">\n<figure class=\"wp-block-image size-large\"><img loading=\"lazy\" decoding=\"async\" width=\"1024\" height=\"1024\" data-id=\"398\" src=\"https:\/\/magaza.nemtut.com.tr\/wp-content\/uploads\/2023\/12\/post1-2-1024x1024.jpg\" alt=\"\" class=\"wp-image-398\" srcset=\"https:\/\/www.nemtut.com.tr\/wp-content\/uploads\/2023\/12\/post1-2-1024x1024.jpg 1024w, https:\/\/www.nemtut.com.tr\/wp-content\/uploads\/2023\/12\/post1-2-300x300.jpg 300w, https:\/\/www.nemtut.com.tr\/wp-content\/uploads\/2023\/12\/post1-2-150x150.jpg 150w, https:\/\/www.nemtut.com.tr\/wp-content\/uploads\/2023\/12\/post1-2-768x768.jpg 768w, https:\/\/www.nemtut.com.tr\/wp-content\/uploads\/2023\/12\/post1-2-600x600.jpg 600w, https:\/\/www.nemtut.com.tr\/wp-content\/uploads\/2023\/12\/post1-2-100x100.jpg 100w, https:\/\/www.nemtut.com.tr\/wp-content\/uploads\/2023\/12\/post1-2.jpg 1080w\" sizes=\"auto, (max-width: 1024px) 100vw, 1024px\" \/><\/figure>\n\n\n\n<figure class=\"wp-block-image size-large\"><img loading=\"lazy\" decoding=\"async\" width=\"1024\" height=\"1024\" data-id=\"400\" src=\"https:\/\/magaza.nemtut.com.tr\/wp-content\/uploads\/2023\/12\/post2-2-1024x1024.jpg\" alt=\"\" class=\"wp-image-400\" srcset=\"https:\/\/www.nemtut.com.tr\/wp-content\/uploads\/2023\/12\/post2-2-1024x1024.jpg 1024w, https:\/\/www.nemtut.com.tr\/wp-content\/uploads\/2023\/12\/post2-2-300x300.jpg 300w, https:\/\/www.nemtut.com.tr\/wp-content\/uploads\/2023\/12\/post2-2-150x150.jpg 150w, https:\/\/www.nemtut.com.tr\/wp-content\/uploads\/2023\/12\/post2-2-768x768.jpg 768w, https:\/\/www.nemtut.com.tr\/wp-content\/uploads\/2023\/12\/post2-2-600x600.jpg 600w, https:\/\/www.nemtut.com.tr\/wp-content\/uploads\/2023\/12\/post2-2-100x100.jpg 100w, https:\/\/www.nemtut.com.tr\/wp-content\/uploads\/2023\/12\/post2-2.jpg 1080w\" sizes=\"auto, (max-width: 1024px) 100vw, 1024px\" \/><\/figure>\n\n\n\n<figure class=\"wp-block-image size-large\"><img loading=\"lazy\" decoding=\"async\" width=\"1024\" height=\"1024\" data-id=\"399\" src=\"https:\/\/magaza.nemtut.com.tr\/wp-content\/uploads\/2023\/12\/post3-2-1024x1024.jpg\" alt=\"\" class=\"wp-image-399\" srcset=\"https:\/\/www.nemtut.com.tr\/wp-content\/uploads\/2023\/12\/post3-2-1024x1024.jpg 1024w, https:\/\/www.nemtut.com.tr\/wp-content\/uploads\/2023\/12\/post3-2-300x300.jpg 300w, https:\/\/www.nemtut.com.tr\/wp-content\/uploads\/2023\/12\/post3-2-150x150.jpg 150w, https:\/\/www.nemtut.com.tr\/wp-content\/uploads\/2023\/12\/post3-2-768x768.jpg 768w, https:\/\/www.nemtut.com.tr\/wp-content\/uploads\/2023\/12\/post3-2-600x600.jpg 600w, https:\/\/www.nemtut.com.tr\/wp-content\/uploads\/2023\/12\/post3-2-100x100.jpg 100w, https:\/\/www.nemtut.com.tr\/wp-content\/uploads\/2023\/12\/post3-2.jpg 1080w\" sizes=\"auto, (max-width: 1024px) 100vw, 1024px\" \/><\/figure>\n<\/figure>\n\n\n\n<div class=\"wp-block-buttons alignwide has-custom-font-size has-x-large-font-size is-content-justification-center is-layout-flex wp-container-core-buttons-is-layout-e7a9658e wp-block-buttons-is-layout-flex\" style=\"border-radius:0px;margin-top:0;margin-bottom:0;padding-top:0;padding-bottom:0\">\n<div class=\"wp-block-button is-style-outline is-style-outline--2\"><a class=\"wp-block-button__link has-ast-global-color-4-color has-text-color has-background has-link-color wp-element-button\" href=\"https:\/\/www.amazon.com.tr\/s?me=AONCGKBN23OYI&amp;marketplaceID=A33AVAJ2PDY3EV\" style=\"background:radial-gradient(rgb(2,3,129) 0%,rgb(40,116,252) 100%)\" target=\"_blank\" rel=\"noreferrer noopener\"><strong>amazon.com.tr<\/strong><\/a><\/div>\n\n\n\n<div class=\"wp-block-button is-style-outline is-style-outline--3\"><a class=\"wp-block-button__link has-ast-global-color-4-color has-electric-grass-gradient-background has-text-color has-background has-link-color wp-element-button\" href=\"https:\/\/www.ciceksepeti.com\/d\/tum-urunler?storeid=1500057499\" target=\"_blank\" rel=\"noreferrer noopener\"><strong>\u00e7i\u00e7eksepeti<\/strong><\/a><\/div>\n\n\n\n<div class=\"wp-block-button is-style-outline is-style-outline--4\"><a class=\"wp-block-button__link has-ast-global-color-4-color has-blush-bordeaux-gradient-background has-text-color has-background has-link-color wp-element-button\" href=\"https:\/\/www.hepsiburada.com\/magaza\/everest-pazarlama\" target=\"_blank\" rel=\"noreferrer noopener\"><strong>hepsiburada<\/strong><\/a><\/div>\n\n\n\n<div class=\"wp-block-button is-style-outline is-style-outline--5\"><a class=\"wp-block-button__link has-ast-global-color-4-color has-vivid-cyan-blue-to-vivid-purple-gradient-background has-text-color has-background has-link-color wp-element-button\" href=\"https:\/\/www.n11.com\/magaza\/everestpazar\" target=\"_blank\" rel=\"noreferrer noopener\"><strong>n11<\/strong><\/a><\/div>\n\n\n\n<div class=\"wp-block-button is-style-outline is-style-outline--6\"><a class=\"wp-block-button__link has-ast-global-color-4-color has-luminous-vivid-orange-to-vivid-red-gradient-background has-text-color has-background has-link-color wp-element-button\" href=\"https:\/\/www.koctas.com.tr\/everest-pazarlama\/s\/3184?_gl=1*162hd8s*_up*MQ..*_ga*MTU3MzM4NzU1Ny4xNzYxMjE3Nzg0*_ga_K0ZRSTYL5E*czE3NjEyMTc3ODMkbzEkZzEkdDE3NjEyMTc3OTIkajUxJGwwJGgw*_ga_H6RD3JSXEW*czE3NjEyMTc3ODMkbzEkZzEkdDE3NjEyMTc3OTIkajUxJGwwJGg3MzEzMzc0NDE.\" target=\"_blank\" rel=\"noreferrer noopener\"><strong>ko\u00e7ta\u015f<\/strong><\/a><\/div>\n\n\n\n<div class=\"wp-block-button is-style-outline is-style-outline--7\"><a class=\"wp-block-button__link has-ast-global-color-4-color has-luminous-vivid-amber-to-luminous-vivid-orange-gradient-background has-text-color has-background has-link-color wp-element-button\" href=\"https:\/\/www.trendyol.com\/magaza\/everest-pazarlama-m-698708?sst=0&amp;channelId=1&amp;event=0\" target=\"_blank\" rel=\"noreferrer noopener\"><strong>trendyol<\/strong><\/a><\/div>\n<\/div>\n","protected":false},"excerpt":{"rendered":"<p>NemTut, nemin, rutubetin ve k\u00fcf\u00fcn oldu\u011fu her yerde devreye girer\u2014elektriksiz, bak\u0131ms\u0131z ve tamamen pasif bir \u015fekilde \u00e7al\u0131\u015f\u0131r. \u0130ster evinizde, ister [&hellip;]<\/p>\n","protected":false},"author":1,"featured_media":0,"parent":0,"menu_order":0,"comment_status":"closed","ping_status":"closed","template":"","meta":{"site-sidebar-layout":"default","site-content-layout":"","ast-site-content-layout":"default","site-content-style":"default","site-sidebar-style":"default","ast-global-header-display":"","ast-banner-title-visibility":"","ast-main-header-display":"","ast-hfb-above-header-display":"","ast-hfb-below-header-display":"","ast-hfb-mobile-header-display":"","site-post-title":"","ast-breadcrumbs-content":"","ast-featured-img":"","footer-sml-layout":"","ast-disable-related-posts":"","theme-transparent-header-meta":"","adv-header-id-meta":"","stick-header-meta":"","header-above-stick-meta":"","header-main-stick-meta":"","header-below-stick-meta":"","astra-migrate-meta-layouts":"default","ast-page-background-enabled":"default","ast-page-background-meta":{"desktop":{"background-color":"var(--ast-global-color-5)","background-image":"","background-repeat":"repeat","background-position":"center center","background-size":"auto","background-attachment":"scroll","background-type":"","background-media":"","overlay-type":"","overlay-color":"","overlay-opacity":"","overlay-gradient":""},"tablet":{"background-color":"","background-image":"","background-repeat":"repeat","background-position":"center center","background-size":"auto","background-attachment":"scroll","background-type":"","background-media":"","overlay-type":"","overlay-color":"","overlay-opacity":"","overlay-gradient":""},"mobile":{"background-color":"","background-image":"","background-repeat":"repeat","background-position":"center center","background-size":"auto","background-attachment":"scroll","background-type":"","background-media":"","overlay-type":"","overlay-color":"","overlay-opacity":"","overlay-gradient":""}},"ast-content-background-meta":{"desktop":{"background-color":"var(--ast-global-color-4)","background-image":"","background-repeat":"repeat","background-position":"center center","background-size":"auto","background-attachment":"scroll","background-type":"","background-media":"","overlay-type":"","overlay-color":"","overlay-opacity":"","overlay-gradient":""},"tablet":{"background-color":"var(--ast-global-color-4)","background-image":"","background-repeat":"repeat","background-position":"center center","background-size":"auto","background-attachment":"scroll","background-type":"","background-media":"","overlay-type":"","overlay-color":"","overlay-opacity":"","overlay-gradient":""},"mobile":{"background-color":"var(--ast-global-color-4)","background-image":"","background-repeat":"repeat","background-position":"center center","background-size":"auto","background-attachment":"scroll","background-type":"","background-media":"","overlay-type":"","overlay-color":"","overlay-opacity":"","overlay-gradient":""}},"footnotes":""},"class_list":["post-227","page","type-page","status-publish","hentry"],"_links":{"self":[{"href":"https:\/\/www.nemtut.com.tr\/index.php\/wp-json\/wp\/v2\/pages\/227","targetHints":{"allow":["GET"]}}],"collection":[{"href":"https:\/\/www.nemtut.com.tr\/index.php\/wp-json\/wp\/v2\/pages"}],"about":[{"href":"https:\/\/www.nemtut.com.tr\/index.php\/wp-json\/wp\/v2\/types\/page"}],"author":[{"embeddable":true,"href":"https:\/\/www.nemtut.com.tr\/index.php\/wp-json\/wp\/v2\/users\/1"}],"replies":[{"embeddable":true,"href":"https:\/\/www.nemtut.com.tr\/index.php\/wp-json\/wp\/v2\/comments?post=227"}],"version-history":[{"count":9,"href":"https:\/\/www.nemtut.com.tr\/index.php\/wp-json\/wp\/v2\/pages\/227\/revisions"}],"predecessor-version":[{"id":865,"href":"https:\/\/www.nemtut.com.tr\/index.php\/wp-json\/wp\/v2\/pages\/227\/revisions\/865"}],"wp:attachment":[{"href":"https:\/\/www.nemtut.com.tr\/index.php\/wp-json\/wp\/v2\/media?parent=227"}],"curies":[{"name":"wp","href":"https:\/\/api.w.org\/{rel}","templated":true}]}}