{"id":622,"date":"2024-10-15T23:39:35","date_gmt":"2024-10-15T20:39:35","guid":{"rendered":"https:\/\/magaza.nemtut.com.tr\/?page_id=622"},"modified":"2026-01-03T17:22:10","modified_gmt":"2026-01-03T14:22:10","slug":"nasil-kullanilir-2","status":"publish","type":"page","link":"https:\/\/www.nemtut.com.tr\/index.php\/nasil-kullanilir-2","title":{"rendered":"Nas\u0131l kullan\u0131l\u0131r ?"},"content":{"rendered":"\n<h3 class=\"wp-block-heading\"><strong>5 Basit Ad\u0131mda<\/strong> Nemtut<\/h3>\n\n\n\n<p>NemTut, <strong>elektrik yok, kurulum yok, bak\u0131ms\u0131z<\/strong> \u2014 sadece as\u0131p unutun. \u0130\u015fte nas\u0131l kullan\u0131l\u0131r:<\/p>\n\n\n\n<hr class=\"wp-block-separator has-alpha-channel-opacity\"\/>\n\n\n\n<figure class=\"wp-block-image alignwide size-large\"><img loading=\"lazy\" decoding=\"async\" width=\"724\" height=\"1024\" src=\"https:\/\/magaza.nemtut.com.tr\/wp-content\/uploads\/2024\/10\/NEMTUT-NASIL-KULLANILIR-1-1-724x1024.png\" alt=\"\" class=\"wp-image-697\" srcset=\"https:\/\/www.nemtut.com.tr\/wp-content\/uploads\/2024\/10\/NEMTUT-NASIL-KULLANILIR-1-1-724x1024.png 724w, https:\/\/www.nemtut.com.tr\/wp-content\/uploads\/2024\/10\/NEMTUT-NASIL-KULLANILIR-1-1-212x300.png 212w, https:\/\/www.nemtut.com.tr\/wp-content\/uploads\/2024\/10\/NEMTUT-NASIL-KULLANILIR-1-1-768x1086.png 768w, https:\/\/www.nemtut.com.tr\/wp-content\/uploads\/2024\/10\/NEMTUT-NASIL-KULLANILIR-1-1-1086x1536.png 1086w, https:\/\/www.nemtut.com.tr\/wp-content\/uploads\/2024\/10\/NEMTUT-NASIL-KULLANILIR-1-1-1448x2048.png 1448w, https:\/\/www.nemtut.com.tr\/wp-content\/uploads\/2024\/10\/NEMTUT-NASIL-KULLANILIR-1-1-1320x1867.png 1320w, https:\/\/www.nemtut.com.tr\/wp-content\/uploads\/2024\/10\/NEMTUT-NASIL-KULLANILIR-1-1-600x849.png 600w, https:\/\/www.nemtut.com.tr\/wp-content\/uploads\/2024\/10\/NEMTUT-NASIL-KULLANILIR-1-1.png 1587w\" sizes=\"auto, (max-width: 724px) 100vw, 724px\" \/><\/figure>\n\n\n\n<h4 class=\"wp-block-heading\">\u2705 <strong>1. NemTut Kutusunu A\u00e7\u0131n<\/strong><\/h4>\n\n\n\n<p>Paketinizde 2 adet NemTut paketi bulunur. Kutuyu a\u00e7t\u0131\u011f\u0131n\u0131zda, iki ayr\u0131 ask\u0131l\u0131 paket kar\u015f\u0131n\u0131za \u00e7\u0131kar.<\/p>\n\n\n\n<blockquote class=\"wp-block-quote is-layout-flow wp-block-quote-is-layout-flow\">\n<p>\ud83d\udce6 <em>Her paket yakla\u015f\u0131k 30 m\u00b2 alan i\u00e7in etkilidir. Daha b\u00fcy\u00fck mekanlarda birden fazla paket kullanman\u0131z \u00f6nerilir.<\/em><\/p>\n<\/blockquote>\n\n\n\n<hr class=\"wp-block-separator has-alpha-channel-opacity\"\/>\n\n\n\n<h4 class=\"wp-block-heading\">\u2705 <strong>2. Paketleri \u00c7\u0131kar\u0131n<\/strong><\/h4>\n\n\n\n<p>Kutudan dikkatlice 2 adet NemTut paketini \u00e7\u0131kar\u0131n. Her biri kendi i\u00e7inde kapal\u0131, hijyenik ve haz\u0131r kullan\u0131m \u015feklindedir.<\/p>\n\n\n\n<hr class=\"wp-block-separator has-alpha-channel-opacity\"\/>\n\n\n\n<h4 class=\"wp-block-heading\">\u2705 <strong>3. Ask\u0131l\u0131 Paketi As\u0131n<\/strong><\/h4>\n\n\n\n<p>Paketi, <strong>\u00f6n y\u00fczeyi (i\u015faretli taraf) d\u0131\u015far\u0131 gelecek \u015fekilde<\/strong>, kullanmak istedi\u011finiz alanda <strong>y\u00fcksek bir yere as\u0131n<\/strong>.<\/p>\n\n\n\n<ul class=\"wp-block-list\">\n<li>Dolap i\u00e7ine, araba tavan\u0131na, \u00e7anta i\u00e7ine, depo raf\u0131na\u2026<\/li>\n\n\n\n<li>Nerede nem varsa, oraya as\u0131n \u2014 NemTut hemen \u00e7al\u0131\u015fmaya ba\u015flar.<\/li>\n<\/ul>\n\n\n\n<blockquote class=\"wp-block-quote is-layout-flow wp-block-quote-is-layout-flow\">\n<p>\ud83c\udfaf <em>Asarken paketin \u00f6n y\u00fcz\u00fc d\u0131\u015far\u0131 baks\u0131n \u2014 bu, nemi emme g\u00fcc\u00fcn\u00fc maksimuma \u00e7\u0131kar\u0131r.<\/em><\/p>\n<\/blockquote>\n\n\n\n<hr class=\"wp-block-separator has-alpha-channel-opacity\"\/>\n\n\n\n<h4 class=\"wp-block-heading\">\u2705 <strong>4. G\u00f6zle Takip Edin<\/strong><\/h4>\n\n\n\n<p>\u0130lk g\u00fcnlerde haznede s\u0131v\u0131 g\u00f6r\u00fcnmeyebilir \u2014 \u00e7\u00fcnk\u00fc NemTut h\u00e2l\u00e2 nem emmeye ba\u015fl\u0131yor.<\/p>\n\n\n\n<ul class=\"wp-block-list\">\n<li><strong>\u0130kinci haftadan itibaren<\/strong>, alt haznedeki s\u0131v\u0131 seviyesini g\u00f6zle takip edebilirsiniz.<\/li>\n\n\n\n<li>Hazne dolmaya ba\u015flad\u0131\u011f\u0131nda, \u00fcr\u00fcn\u00fcn aktif oldu\u011funu anlars\u0131n\u0131z.<\/li>\n<\/ul>\n\n\n\n<hr class=\"wp-block-separator has-alpha-channel-opacity\"\/>\n\n\n\n<h4 class=\"wp-block-heading\">\u2705 <strong>5. De\u011fi\u015ftirme Zaman\u0131 Geldi\u011finde Yeni Paketle De\u011fi\u015ftirin<\/strong><\/h4>\n\n\n\n<p>Paket \u00fczerindeki <strong>i\u015faretli \u201cmax\u201d \u00e7izgisine<\/strong> ula\u015f\u0131ld\u0131\u011f\u0131nda, NemTut\u2019u yenisiyle de\u011fi\u015ftirin.<\/p>\n\n\n\n<ul class=\"wp-block-list\">\n<li>Ortalama kullan\u0131m s\u00fcresi: <strong>60 g\u00fcn<\/strong> (\u015fehrin nem durumuna g\u00f6re de\u011fi\u015fir).<\/li>\n\n\n\n<li>S\u0131v\u0131 haznesi doldu\u011funda, yeni paketi asarak devam edin.<\/li>\n<\/ul>\n\n\n\n<blockquote class=\"wp-block-quote is-layout-flow wp-block-quote-is-layout-flow\">\n<p>\u26a0\ufe0f <strong>Not:<\/strong> NemTut tamamen pasif \u00e7al\u0131\u015f\u0131r \u2014 kimyasal kokusu yoktur, g\u00fcvenlidir, \u00e7ocuk ve hayvan dostudur.<\/p>\n<\/blockquote>\n\n\n\n<hr class=\"wp-block-separator has-alpha-channel-opacity\"\/>\n\n\n\n<h3 class=\"wp-block-heading\">\ud83d\udca1 <strong>NemTut\u2019un En B\u00fcy\u00fck Avantaj\u0131:<\/strong><\/h3>\n\n\n\n<p><strong>Sadece as!<\/strong><br>Elektrik harcamaz. Bak\u0131m gerektirmez. Hi\u00e7bir ayar yapman\u0131za gerek yok.<br>Nem, rutubet ve k\u00f6t\u00fc koku sizin i\u00e7in bir sorun de\u011fil art\u0131k \u2014 <strong>NemTut sessizce \u00e7\u00f6z\u00fcyor.<\/strong><\/p>\n\n\n\n<div class=\"wp-block-buttons alignfull has-custom-font-size has-x-large-font-size is-content-justification-center is-layout-flex wp-container-core-buttons-is-layout-595e5594 wp-block-buttons-is-layout-flex\" style=\"border-radius:0px;margin-top:0;margin-bottom:0;padding-top:0;padding-bottom:0\">\n<div class=\"wp-block-button is-style-outline is-style-outline--1\"><a class=\"wp-block-button__link has-ast-global-color-4-color has-text-color has-background has-link-color wp-element-button\" href=\"https:\/\/www.amazon.com.tr\/s?me=AONCGKBN23OYI&amp;marketplaceID=A33AVAJ2PDY3EV\" style=\"background:radial-gradient(rgb(2,3,129) 0%,rgb(40,116,252) 100%)\" target=\"_blank\" rel=\"noreferrer noopener\"><strong>amazon.com.tr<\/strong><\/a><\/div>\n\n\n\n<div class=\"wp-block-button is-style-outline is-style-outline--2\"><a class=\"wp-block-button__link has-ast-global-color-4-color has-electric-grass-gradient-background has-text-color has-background has-link-color wp-element-button\" href=\"https:\/\/www.ciceksepeti.com\/d\/tum-urunler?storeid=1500057499\" target=\"_blank\" rel=\"noreferrer noopener\"><strong>\u00e7i\u00e7eksepeti<\/strong><\/a><\/div>\n\n\n\n<div class=\"wp-block-button is-style-outline is-style-outline--3\"><a class=\"wp-block-button__link has-ast-global-color-4-color has-blush-bordeaux-gradient-background has-text-color has-background has-link-color wp-element-button\" href=\"https:\/\/www.hepsiburada.com\/magaza\/everest-pazarlama\" target=\"_blank\" rel=\"noreferrer noopener\"><strong>hepsiburada<\/strong><\/a><\/div>\n\n\n\n<div class=\"wp-block-button is-style-outline is-style-outline--4\"><a class=\"wp-block-button__link has-ast-global-color-4-color has-vivid-cyan-blue-to-vivid-purple-gradient-background has-text-color has-background has-link-color wp-element-button\" href=\"https:\/\/www.n11.com\/magaza\/everestpazar\" target=\"_blank\" rel=\"noreferrer noopener\"><strong>n11<\/strong><\/a><\/div>\n\n\n\n<div class=\"wp-block-button is-style-outline is-style-outline--5\"><a class=\"wp-block-button__link has-ast-global-color-4-color has-luminous-vivid-orange-to-vivid-red-gradient-background has-text-color has-background has-link-color wp-element-button\" href=\"https:\/\/www.koctas.com.tr\/everest-pazarlama\/s\/3184?_gl=1*162hd8s*_up*MQ..*_ga*MTU3MzM4NzU1Ny4xNzYxMjE3Nzg0*_ga_K0ZRSTYL5E*czE3NjEyMTc3ODMkbzEkZzEkdDE3NjEyMTc3OTIkajUxJGwwJGgw*_ga_H6RD3JSXEW*czE3NjEyMTc3ODMkbzEkZzEkdDE3NjEyMTc3OTIkajUxJGwwJGg3MzEzMzc0NDE.\" target=\"_blank\" rel=\"noreferrer noopener\"><strong>ko\u00e7ta\u015f<\/strong><\/a><\/div>\n\n\n\n<div class=\"wp-block-button is-style-outline is-style-outline--6\"><a class=\"wp-block-button__link has-ast-global-color-4-color has-luminous-vivid-amber-to-luminous-vivid-orange-gradient-background has-text-color has-background has-link-color wp-element-button\" href=\"https:\/\/www.trendyol.com\/magaza\/everest-pazarlama-m-698708?sst=0&amp;channelId=1&amp;event=0\" target=\"_blank\" rel=\"noreferrer noopener\"><strong>trendyol<\/strong><\/a><\/div>\n<\/div>\n","protected":false},"excerpt":{"rendered":"<p>5 Basit Ad\u0131mda Nemtut NemTut, elektrik yok, kurulum yok, bak\u0131ms\u0131z \u2014 sadece as\u0131p unutun. \u0130\u015fte nas\u0131l kullan\u0131l\u0131r: \u2705 1. NemTut [&hellip;]<\/p>\n","protected":false},"author":4,"featured_media":0,"parent":0,"menu_order":0,"comment_status":"closed","ping_status":"closed","template":"","meta":{"site-sidebar-layout":"default","site-content-layout":"","ast-site-content-layout":"default","site-content-style":"default","site-sidebar-style":"default","ast-global-header-display":"","ast-banner-title-visibility":"","ast-main-header-display":"","ast-hfb-above-header-display":"","ast-hfb-below-header-display":"","ast-hfb-mobile-header-display":"","site-post-title":"","ast-breadcrumbs-content":"","ast-featured-img":"","footer-sml-layout":"","ast-disable-related-posts":"","theme-transparent-header-meta":"","adv-header-id-meta":"","stick-header-meta":"","header-above-stick-meta":"","header-main-stick-meta":"","header-below-stick-meta":"","astra-migrate-meta-layouts":"default","ast-page-background-enabled":"default","ast-page-background-meta":{"desktop":{"background-color":"var(--ast-global-color-5)","background-image":"","background-repeat":"repeat","background-position":"center center","background-size":"auto","background-attachment":"scroll","background-type":"","background-media":"","overlay-type":"","overlay-color":"","overlay-opacity":"","overlay-gradient":""},"tablet":{"background-color":"","background-image":"","background-repeat":"repeat","background-position":"center center","background-size":"auto","background-attachment":"scroll","background-type":"","background-media":"","overlay-type":"","overlay-color":"","overlay-opacity":"","overlay-gradient":""},"mobile":{"background-color":"","background-image":"","background-repeat":"repeat","background-position":"center center","background-size":"auto","background-attachment":"scroll","background-type":"","background-media":"","overlay-type":"","overlay-color":"","overlay-opacity":"","overlay-gradient":""}},"ast-content-background-meta":{"desktop":{"background-color":"var(--ast-global-color-4)","background-image":"","background-repeat":"repeat","background-position":"center center","background-size":"auto","background-attachment":"scroll","background-type":"","background-media":"","overlay-type":"","overlay-color":"","overlay-opacity":"","overlay-gradient":""},"tablet":{"background-color":"var(--ast-global-color-4)","background-image":"","background-repeat":"repeat","background-position":"center center","background-size":"auto","background-attachment":"scroll","background-type":"","background-media":"","overlay-type":"","overlay-color":"","overlay-opacity":"","overlay-gradient":""},"mobile":{"background-color":"var(--ast-global-color-4)","background-image":"","background-repeat":"repeat","background-position":"center center","background-size":"auto","background-attachment":"scroll","background-type":"","background-media":"","overlay-type":"","overlay-color":"","overlay-opacity":"","overlay-gradient":""}},"footnotes":""},"class_list":["post-622","page","type-page","status-publish","hentry"],"_links":{"self":[{"href":"https:\/\/www.nemtut.com.tr\/index.php\/wp-json\/wp\/v2\/pages\/622","targetHints":{"allow":["GET"]}}],"collection":[{"href":"https:\/\/www.nemtut.com.tr\/index.php\/wp-json\/wp\/v2\/pages"}],"about":[{"href":"https:\/\/www.nemtut.com.tr\/index.php\/wp-json\/wp\/v2\/types\/page"}],"author":[{"embeddable":true,"href":"https:\/\/www.nemtut.com.tr\/index.php\/wp-json\/wp\/v2\/users\/4"}],"replies":[{"embeddable":true,"href":"https:\/\/www.nemtut.com.tr\/index.php\/wp-json\/wp\/v2\/comments?post=622"}],"version-history":[{"count":6,"href":"https:\/\/www.nemtut.com.tr\/index.php\/wp-json\/wp\/v2\/pages\/622\/revisions"}],"predecessor-version":[{"id":874,"href":"https:\/\/www.nemtut.com.tr\/index.php\/wp-json\/wp\/v2\/pages\/622\/revisions\/874"}],"wp:attachment":[{"href":"https:\/\/www.nemtut.com.tr\/index.php\/wp-json\/wp\/v2\/media?parent=622"}],"curies":[{"name":"wp","href":"https:\/\/api.w.org\/{rel}","templated":true}]}}