{"id":64,"date":"2023-11-29T11:36:41","date_gmt":"2023-11-29T08:36:41","guid":{"rendered":"https:\/\/magaza.nemtut.com.tr\/?page_id=64"},"modified":"2026-01-04T11:39:01","modified_gmt":"2026-01-04T08:39:01","slug":"iletisim","status":"publish","type":"page","link":"https:\/\/www.nemtut.com.tr\/index.php\/iletisim","title":{"rendered":"\u0130leti\u015fim"},"content":{"rendered":"\n<figure class=\"wp-block-image size-large\"><img loading=\"lazy\" decoding=\"async\" width=\"1024\" height=\"144\" src=\"https:\/\/magaza.nemtut.com.tr\/wp-content\/uploads\/2023\/11\/nemtut_iletisimbilgileri_baslik-1024x144.png\" alt=\"\" class=\"wp-image-65\" srcset=\"https:\/\/www.nemtut.com.tr\/wp-content\/uploads\/2023\/11\/nemtut_iletisimbilgileri_baslik-1024x144.png 1024w, https:\/\/www.nemtut.com.tr\/wp-content\/uploads\/2023\/11\/nemtut_iletisimbilgileri_baslik-300x42.png 300w, https:\/\/www.nemtut.com.tr\/wp-content\/uploads\/2023\/11\/nemtut_iletisimbilgileri_baslik-768x108.png 768w, https:\/\/www.nemtut.com.tr\/wp-content\/uploads\/2023\/11\/nemtut_iletisimbilgileri_baslik-600x85.png 600w, https:\/\/www.nemtut.com.tr\/wp-content\/uploads\/2023\/11\/nemtut_iletisimbilgileri_baslik.png 1304w\" sizes=\"auto, (max-width: 1024px) 100vw, 1024px\" \/><\/figure>\n\n\n\n<p>Sorular\u0131n\u0131z m\u0131 var? Teklif almak m\u0131 istiyorsunuz? Ya da kurumsal \u00e7\u00f6z\u00fcmleriniz i\u00e7in do\u011frudan g\u00f6r\u00fc\u015fmek mi istiyorsunuz?<br><strong>Everest Giri\u015fim M\u00fchendislik olarak her zaman yan\u0131n\u0131zday\u0131z.<\/strong><\/p>\n\n\n\n<h4 class=\"wp-block-heading\">\ud83d\udccd <strong>Merkez Ofisimiz<\/strong><\/h4>\n\n\n\n<p><strong>Adres:<\/strong><br>Yahya Kaptan Mah. Akasyalar Cd. B Blok No:24\/1<br>41050 \u0130zmit \/ Kocaeli \u2013 T\u00dcRK\u0130YE<br><a href=\"https:\/\/maps.app.goo.gl\/a8qCV6xz15sFQEW4A\" target=\"_blank\" rel=\"noreferrer noopener\">\ud83d\udccd Haritada G\u00f6r\u00fcnt\u00fcle<\/a><\/p>\n\n\n\n<h4 class=\"wp-block-heading\">\ud83d\udcde <strong>Bize Ula\u015f\u0131n<\/strong><\/h4>\n\n\n\n<p><strong>Telefon:<\/strong><br>+90 545 238 19 40<br>+90 532 294 09 24<\/p>\n\n\n\n<p><strong>E-posta:<\/strong><br><a href=\"mailto:info@everestgirisim.com\" target=\"_blank\" rel=\"noreferrer noopener\">info@everestgirisim.com<\/a><\/p>\n\n\n\n<hr class=\"wp-block-separator has-alpha-channel-opacity\"\/>\n\n\n\n<h3 class=\"wp-block-heading\">\ud83d\udce9 <strong>Hemen \u0130leti\u015fime Ge\u00e7in!<\/strong><\/h3>\n\n\n\n<p>\u0130ster bireysel kullan\u0131m i\u00e7in \u00fcr\u00fcn dan\u0131\u015fmanl\u0131\u011f\u0131, ister kurumsal \u00f6l\u00e7ekte \u00f6zel \u00e7\u00f6z\u00fcmler talep ediyorsunuz\u2014formdan, e-postadan veya do\u011frudan arayarak bize ula\u015fabilirsiniz.<br><strong>Cevap s\u00fcremiz: En ge\u00e7 24 saat i\u00e7inde!<\/strong><\/p>\n\n\n\n<iframe src=\"https:\/\/www.google.com\/maps\/embed?pb=!1m14!1m8!1m3!1d5305.190239954728!2d29.965871051942564!3d40.78961466273094!3m2!1i1024!2i768!4f13.1!3m3!1m2!1s0x14cb4f1d0446338f%3A0x82181fe36dbc1dfa!2sEverest%20Giri%C5%9Fim!5e0!3m2!1str!2str!4v1704702053398!5m2!1str!2str\" width=\"600\" height=\"450\" style=\"border:0;\" allowfullscreen=\"\" loading=\"lazy\" referrerpolicy=\"no-referrer-when-downgrade\"><\/iframe>\n\n\n\n<p><\/p>\n","protected":false},"excerpt":{"rendered":"<p>Sorular\u0131n\u0131z m\u0131 var? Teklif almak m\u0131 istiyorsunuz? Ya da kurumsal \u00e7\u00f6z\u00fcmleriniz i\u00e7in do\u011frudan g\u00f6r\u00fc\u015fmek mi istiyorsunuz?Everest Giri\u015fim M\u00fchendislik olarak her [&hellip;]<\/p>\n","protected":false},"author":1,"featured_media":0,"parent":0,"menu_order":0,"comment_status":"closed","ping_status":"closed","template":"","meta":{"site-sidebar-layout":"default","site-content-layout":"","ast-site-content-layout":"default","site-content-style":"default","site-sidebar-style":"default","ast-global-header-display":"","ast-banner-title-visibility":"","ast-main-header-display":"","ast-hfb-above-header-display":"","ast-hfb-below-header-display":"","ast-hfb-mobile-header-display":"","site-post-title":"","ast-breadcrumbs-content":"","ast-featured-img":"","footer-sml-layout":"","ast-disable-related-posts":"","theme-transparent-header-meta":"","adv-header-id-meta":"","stick-header-meta":"","header-above-stick-meta":"","header-main-stick-meta":"","header-below-stick-meta":"","astra-migrate-meta-layouts":"default","ast-page-background-enabled":"default","ast-page-background-meta":{"desktop":{"background-color":"var(--ast-global-color-5)","background-image":"","background-repeat":"repeat","background-position":"center center","background-size":"auto","background-attachment":"scroll","background-type":"","background-media":"","overlay-type":"","overlay-color":"","overlay-opacity":"","overlay-gradient":""},"tablet":{"background-color":"","background-image":"","background-repeat":"repeat","background-position":"center center","background-size":"auto","background-attachment":"scroll","background-type":"","background-media":"","overlay-type":"","overlay-color":"","overlay-opacity":"","overlay-gradient":""},"mobile":{"background-color":"","background-image":"","background-repeat":"repeat","background-position":"center center","background-size":"auto","background-attachment":"scroll","background-type":"","background-media":"","overlay-type":"","overlay-color":"","overlay-opacity":"","overlay-gradient":""}},"ast-content-background-meta":{"desktop":{"background-color":"var(--ast-global-color-4)","background-image":"","background-repeat":"repeat","background-position":"center center","background-size":"auto","background-attachment":"scroll","background-type":"","background-media":"","overlay-type":"","overlay-color":"","overlay-opacity":"","overlay-gradient":""},"tablet":{"background-color":"var(--ast-global-color-4)","background-image":"","background-repeat":"repeat","background-position":"center center","background-size":"auto","background-attachment":"scroll","background-type":"","background-media":"","overlay-type":"","overlay-color":"","overlay-opacity":"","overlay-gradient":""},"mobile":{"background-color":"var(--ast-global-color-4)","background-image":"","background-repeat":"repeat","background-position":"center center","background-size":"auto","background-attachment":"scroll","background-type":"","background-media":"","overlay-type":"","overlay-color":"","overlay-opacity":"","overlay-gradient":""}},"footnotes":""},"class_list":["post-64","page","type-page","status-publish","hentry"],"_links":{"self":[{"href":"https:\/\/www.nemtut.com.tr\/index.php\/wp-json\/wp\/v2\/pages\/64","targetHints":{"allow":["GET"]}}],"collection":[{"href":"https:\/\/www.nemtut.com.tr\/index.php\/wp-json\/wp\/v2\/pages"}],"about":[{"href":"https:\/\/www.nemtut.com.tr\/index.php\/wp-json\/wp\/v2\/types\/page"}],"author":[{"embeddable":true,"href":"https:\/\/www.nemtut.com.tr\/index.php\/wp-json\/wp\/v2\/users\/1"}],"replies":[{"embeddable":true,"href":"https:\/\/www.nemtut.com.tr\/index.php\/wp-json\/wp\/v2\/comments?post=64"}],"version-history":[{"count":14,"href":"https:\/\/www.nemtut.com.tr\/index.php\/wp-json\/wp\/v2\/pages\/64\/revisions"}],"predecessor-version":[{"id":958,"href":"https:\/\/www.nemtut.com.tr\/index.php\/wp-json\/wp\/v2\/pages\/64\/revisions\/958"}],"wp:attachment":[{"href":"https:\/\/www.nemtut.com.tr\/index.php\/wp-json\/wp\/v2\/media?parent=64"}],"curies":[{"name":"wp","href":"https:\/\/api.w.org\/{rel}","templated":true}]}}