{"id":70,"date":"2023-11-29T11:39:17","date_gmt":"2023-11-29T08:39:17","guid":{"rendered":"https:\/\/magaza.nemtut.com.tr\/?page_id=70"},"modified":"2023-11-29T11:39:18","modified_gmt":"2023-11-29T08:39:18","slug":"teslimat-bilgileri","status":"publish","type":"page","link":"https:\/\/www.nemtut.com.tr\/index.php\/teslimat-bilgileri","title":{"rendered":"Teslimat Bilgileri"},"content":{"rendered":"\n<figure class=\"wp-block-image size-large\"><img loading=\"lazy\" decoding=\"async\" width=\"1024\" height=\"141\" src=\"https:\/\/magaza.nemtut.com.tr\/wp-content\/uploads\/2023\/11\/nemtut_teslimatbilgileri_baslik-1-1024x141.png\" alt=\"\" class=\"wp-image-57\" srcset=\"https:\/\/www.nemtut.com.tr\/wp-content\/uploads\/2023\/11\/nemtut_teslimatbilgileri_baslik-1-1024x141.png 1024w, https:\/\/www.nemtut.com.tr\/wp-content\/uploads\/2023\/11\/nemtut_teslimatbilgileri_baslik-1-300x41.png 300w, https:\/\/www.nemtut.com.tr\/wp-content\/uploads\/2023\/11\/nemtut_teslimatbilgileri_baslik-1-768x106.png 768w, https:\/\/www.nemtut.com.tr\/wp-content\/uploads\/2023\/11\/nemtut_teslimatbilgileri_baslik-1-600x82.png 600w, https:\/\/www.nemtut.com.tr\/wp-content\/uploads\/2023\/11\/nemtut_teslimatbilgileri_baslik-1.png 1302w\" sizes=\"auto, (max-width: 1024px) 100vw, 1024px\" \/><\/figure>\n\n\n\n<p>&nbsp; Sipari\u015f formumuzda teslimat i\u00e7in izin verdi\u011fimiz zaman, teslimat\u0131 ger\u00e7ekle\u015ftirebilece\u011fimiz zamana g\u00f6re %100 oran\u0131nda toleransl\u0131d\u0131r.<\/p>\n\n\n\n<p>&nbsp; &nbsp; &nbsp; &nbsp; &nbsp; Belirtilen adreste herhangi bir hata durumunda teslimat\u0131 ger\u00e7ekle\u015femeyen sipari\u015f ile ilgili olarak sipari\u015fi veren ile ba\u011flant\u0131 kurulmaktad\u0131r.<\/p>\n\n\n\n<p>&nbsp; &nbsp; &nbsp; &nbsp; &nbsp; Ziyaret\u00e7imiz taraf\u0131ndan belirtilen e-posta adresinin ge\u00e7erlili\u011fi sipari\u015fin aktar\u0131lmas\u0131n\u0131 takiben g\u00f6nderilen otomatik e-posta ile teyit&nbsp;edilmektedir.<\/p>\n\n\n\n<p>&nbsp; &nbsp; &nbsp; &nbsp; &nbsp; Teslimat\u0131n ger\u00e7ekle\u015fmesi konusunda m\u00fc\u015fteri kadar kredi kart\u0131 sistemini kulland\u0131\u011f\u0131m\u0131z bankaya kar\u015f\u0131 da sorumlulu\u011fumuz s\u00f6z konusudur.<\/p>\n\n\n\n<p><strong><u>Teslimat Y\u00f6ntemi<\/u><\/strong>&nbsp; &nbsp; &nbsp; &nbsp; &nbsp; Kullan\u0131c\u0131 teslimat y\u00f6ntemi olarak 2 farkl\u0131 yolu se\u00e7ebilir. \u015eirket teslim ve kargo ile teslim \u015feklinde 2 y\u00f6ntemden birini se\u00e7en kullan\u0131c\u0131 al\u0131\u015fveri\u015f bedeline g\u00f6re kargo \u00fccretinden muaf tutulmaktad\u0131r.<\/p>\n","protected":false},"excerpt":{"rendered":"<p>&nbsp; Sipari\u015f formumuzda teslimat i\u00e7in izin verdi\u011fimiz zaman, teslimat\u0131 ger\u00e7ekle\u015ftirebilece\u011fimiz zamana g\u00f6re %100 oran\u0131nda toleransl\u0131d\u0131r. &nbsp; &nbsp; &nbsp; &nbsp; &nbsp; [&hellip;]<\/p>\n","protected":false},"author":1,"featured_media":0,"parent":0,"menu_order":0,"comment_status":"closed","ping_status":"closed","template":"","meta":{"site-sidebar-layout":"default","site-content-layout":"","ast-site-content-layout":"default","site-content-style":"default","site-sidebar-style":"default","ast-global-header-display":"","ast-banner-title-visibility":"","ast-main-header-display":"","ast-hfb-above-header-display":"","ast-hfb-below-header-display":"","ast-hfb-mobile-header-display":"","site-post-title":"","ast-breadcrumbs-content":"","ast-featured-img":"","footer-sml-layout":"","ast-disable-related-posts":"","theme-transparent-header-meta":"","adv-header-id-meta":"","stick-header-meta":"","header-above-stick-meta":"","header-main-stick-meta":"","header-below-stick-meta":"","astra-migrate-meta-layouts":"default","ast-page-background-enabled":"default","ast-page-background-meta":{"desktop":{"background-color":"var(--ast-global-color-5)","background-image":"","background-repeat":"repeat","background-position":"center center","background-size":"auto","background-attachment":"scroll","background-type":"","background-media":"","overlay-type":"","overlay-color":"","overlay-opacity":"","overlay-gradient":""},"tablet":{"background-color":"","background-image":"","background-repeat":"repeat","background-position":"center center","background-size":"auto","background-attachment":"scroll","background-type":"","background-media":"","overlay-type":"","overlay-color":"","overlay-opacity":"","overlay-gradient":""},"mobile":{"background-color":"","background-image":"","background-repeat":"repeat","background-position":"center center","background-size":"auto","background-attachment":"scroll","background-type":"","background-media":"","overlay-type":"","overlay-color":"","overlay-opacity":"","overlay-gradient":""}},"ast-content-background-meta":{"desktop":{"background-color":"var(--ast-global-color-4)","background-image":"","background-repeat":"repeat","background-position":"center center","background-size":"auto","background-attachment":"scroll","background-type":"","background-media":"","overlay-type":"","overlay-color":"","overlay-opacity":"","overlay-gradient":""},"tablet":{"background-color":"var(--ast-global-color-4)","background-image":"","background-repeat":"repeat","background-position":"center center","background-size":"auto","background-attachment":"scroll","background-type":"","background-media":"","overlay-type":"","overlay-color":"","overlay-opacity":"","overlay-gradient":""},"mobile":{"background-color":"var(--ast-global-color-4)","background-image":"","background-repeat":"repeat","background-position":"center center","background-size":"auto","background-attachment":"scroll","background-type":"","background-media":"","overlay-type":"","overlay-color":"","overlay-opacity":"","overlay-gradient":""}},"footnotes":""},"class_list":["post-70","page","type-page","status-publish","hentry"],"_links":{"self":[{"href":"https:\/\/www.nemtut.com.tr\/index.php\/wp-json\/wp\/v2\/pages\/70","targetHints":{"allow":["GET"]}}],"collection":[{"href":"https:\/\/www.nemtut.com.tr\/index.php\/wp-json\/wp\/v2\/pages"}],"about":[{"href":"https:\/\/www.nemtut.com.tr\/index.php\/wp-json\/wp\/v2\/types\/page"}],"author":[{"embeddable":true,"href":"https:\/\/www.nemtut.com.tr\/index.php\/wp-json\/wp\/v2\/users\/1"}],"replies":[{"embeddable":true,"href":"https:\/\/www.nemtut.com.tr\/index.php\/wp-json\/wp\/v2\/comments?post=70"}],"version-history":[{"count":1,"href":"https:\/\/www.nemtut.com.tr\/index.php\/wp-json\/wp\/v2\/pages\/70\/revisions"}],"predecessor-version":[{"id":71,"href":"https:\/\/www.nemtut.com.tr\/index.php\/wp-json\/wp\/v2\/pages\/70\/revisions\/71"}],"wp:attachment":[{"href":"https:\/\/www.nemtut.com.tr\/index.php\/wp-json\/wp\/v2\/media?parent=70"}],"curies":[{"name":"wp","href":"https:\/\/api.w.org\/{rel}","templated":true}]}}