{"id":78,"date":"2023-11-29T11:49:41","date_gmt":"2023-11-29T08:49:41","guid":{"rendered":"https:\/\/magaza.nemtut.com.tr\/?page_id=78"},"modified":"2023-11-29T11:49:42","modified_gmt":"2023-11-29T08:49:42","slug":"kisisel-verilerin-korunmasi","status":"publish","type":"page","link":"https:\/\/www.nemtut.com.tr\/index.php\/kisisel-verilerin-korunmasi","title":{"rendered":"Ki\u015fisel Verilerin Korunmas\u0131"},"content":{"rendered":"\n<figure class=\"wp-block-image size-large\"><img loading=\"lazy\" decoding=\"async\" width=\"1024\" height=\"141\" src=\"https:\/\/magaza.nemtut.com.tr\/wp-content\/uploads\/2023\/11\/nemtut_kisiselverilerinkrounmasi_baslik-1024x141.png\" alt=\"\" class=\"wp-image-79\" srcset=\"https:\/\/www.nemtut.com.tr\/wp-content\/uploads\/2023\/11\/nemtut_kisiselverilerinkrounmasi_baslik-1024x141.png 1024w, https:\/\/www.nemtut.com.tr\/wp-content\/uploads\/2023\/11\/nemtut_kisiselverilerinkrounmasi_baslik-300x41.png 300w, https:\/\/www.nemtut.com.tr\/wp-content\/uploads\/2023\/11\/nemtut_kisiselverilerinkrounmasi_baslik-768x106.png 768w, https:\/\/www.nemtut.com.tr\/wp-content\/uploads\/2023\/11\/nemtut_kisiselverilerinkrounmasi_baslik-600x83.png 600w, https:\/\/www.nemtut.com.tr\/wp-content\/uploads\/2023\/11\/nemtut_kisiselverilerinkrounmasi_baslik.png 1305w\" sizes=\"auto, (max-width: 1024px) 100vw, 1024px\" \/><\/figure>\n\n\n\n<p><strong>Bu bilgilendirme, 6698 say\u0131l\u0131 &#8220;Ki\u015fisel Verilerin Korunmas\u0131 Kanunu\u201dnun 10. maddesi gere\u011fince ve yasal zorunluluk nedeniyle yap\u0131lmaktad\u0131r.<\/strong><\/p>\n\n\n\n<p><strong>Ticari \u00dcnvan:<\/strong>&nbsp;EVEREST G\u0130R\u0130\u015e\u0130M M\u00dcH. GIDA \u0130N\u015e. PAZ. SAN. ve T\u0130C. LTD. \u015eT\u0130.<\/p>\n\n\n\n<p><strong>Adres:<\/strong>&nbsp; &nbsp;&nbsp;Ye\u015filova, G\u00fcndo\u011fdu Sk. 67B, 41060 \u0130zmit\/Kocaeli<\/p>\n\n\n\n<p><strong>Telefon:<\/strong>&nbsp;&nbsp;+90 545 238 19 40<\/p>\n\n\n\n<p><strong>E-Posta:<\/strong>&nbsp;info@everestgirisim.com<\/p>\n\n\n\n<p>Bundan sonra&nbsp;<strong>&#8220;SATICI&#8221;<\/strong>&nbsp;olarak an\u0131lacakt\u0131r.<\/p>\n\n\n\n<p>EVEREST G\u0130R\u0130\u015e\u0130M M\u00dcH. GIDA \u0130N\u015e. PAZ. SAN. ve T\u0130C. LTD. \u015eT\u0130.&nbsp;m\u00fc\u015fterilerinin bilgilerinin g\u00fcvenli\u011fini korumay\u0131 ilke edinerek, bunu sa\u011flamak ad\u0131na en ileri teknoloji ile \u00e7al\u0131\u015fmaktad\u0131r. G\u00fcvenli\u011fi sa\u011flamak amac\u0131yla g\u00fcvenli ortamlarda elektronik, fiziksel ve y\u00f6ntemsel \u00f6nlemler al\u0131nm\u0131\u015ft\u0131r. Sa\u011flad\u0131\u011f\u0131n\u0131z bilgileri kontrol alt\u0131ndaki tesislerde bulunan ve s\u0131n\u0131rl\u0131 eri\u015fimi olan bilgisayar sunucular\u0131nda depolar\u0131z.&nbsp;<strong>Ayr\u0131ca Kredi kart\u0131 bilgilerinizi herhangi bir \u015fekilde sistemlerimizde SAKLAMAYIZ.<\/strong>&nbsp;Kullan\u0131lan Kredi kartlar\u0131 \u00f6zel \u015fifreleme y\u00f6ntemleri ile \u015fifrelenerek ilgili bankaya \/ arac\u0131 kurulu\u015fa iletilir. Bu \u015fekilde \u00f6demeye y\u00f6nelik t\u00fcm i\u015flemlerin&nbsp;<a href=\"https:\/\/nemtut.com.tr\/\"><strong>https:\/\/nemtut.com.tr\/<\/strong><\/a>&nbsp;aray\u00fcz\u00fc \u00fczerinden banka \/ arac\u0131 kurulu\u015f ve bilgisayar\u0131n\u0131z aras\u0131nda ger\u00e7ekle\u015fmesi sa\u011flanmaktad\u0131r.<\/p>\n\n\n\n<p>EVEREST G\u0130R\u0130\u015e\u0130M M\u00dcH. GIDA \u0130N\u015e. PAZ. SAN. ve T\u0130C. LTD. \u015eT\u0130., ki\u015fisel verilerinizin i\u015flenmesi ve payla\u015f\u0131lmas\u0131 s\u00fcre\u00e7lerinde, verilerinizin hukuka ayk\u0131r\u0131 olarak kullan\u0131lmas\u0131n\u0131 \u00f6nlemek ve muhafazas\u0131n\u0131 sa\u011flamak i\u00e7in, mevzuat uyar\u0131nca uygun g\u00fcvenlik d\u00fczeyini sa\u011flamak ad\u0131na gerekli tedbirleri almaktad\u0131r.<\/p>\n\n\n\n<p>Ki\u015fisel verileriniz,&nbsp;EVEREST G\u0130R\u0130\u015e\u0130M M\u00dcH. GIDA \u0130N\u015e. PAZ. SAN. ve T\u0130C. LTD. \u015eT\u0130. taraf\u0131ndan &#8220;Ki\u015fisel Verilerin Korunmas\u0131 Kanunu\u201d kapsam\u0131nda &#8220;Veri Sorumlusu\u201d s\u0131fat\u0131yla i\u015flenmektedir.<\/p>\n\n\n\n<p>Ki\u015fisel verileriniz, sanal ma\u011fazaya<strong>&nbsp;(&nbsp;<\/strong><strong>https:\/\/nemtut.com.tr\/<\/strong><strong>)<\/strong>&nbsp;\u00fcye olma a\u015famas\u0131nda, sanal ma\u011fazadan \u00fcye olmadan sipari\u015f ger\u00e7ekle\u015ftirilmesi s\u00fcrecinde, SATICI\u2019n\u0131n sundu\u011fu \u00fcr\u00fcn ve hizmetleri kullanmak i\u00e7in do\u011frudan SATICIYA ya da SATICININ destek hizmeti ald\u0131\u011f\u0131 kurulu\u015flar arac\u0131l\u0131\u011f\u0131yla yapm\u0131\u015f oldu\u011funuz ba\u015fvurular esnas\u0131nda, SATICININ sahibi oldu\u011fu ya da hizmet ald\u0131\u011f\u0131 \u00e7a\u011fr\u0131 merkeziyle yap\u0131lan g\u00f6r\u00fc\u015fmelerde, \u00fcr\u00fcn ve hizmet s\u00f6zle\u015fmeleri kurulurken, kendi b\u00fcnyesinde ya da yetkilendirdi\u011fi firmalarca a\u00e7\u0131lan ma\u011fazalarda, sertifikasyon ve \u00fcr\u00fcn\/hizmet garanti kay\u0131tlar\u0131 esnas\u0131nda toplanmaktad\u0131r.<\/p>\n\n\n\n<p>Ki\u015fisel verileriniz, hizmet verilen ki\u015fi ya da kurulu\u015flarla, destek hizmeti al\u0131nan ya da al\u0131nmas\u0131 planlanan ki\u015fi ya da kurulu\u015flarla, yasal mevzuat gere\u011fi bilgi verilmesi zorunlu olan adli ya da resmi makamlarla payla\u015f\u0131lmaktad\u0131r.<\/p>\n\n\n\n<p>Ki\u015fisel verilerinizin payla\u015f\u0131m\u0131yla, \u00fcr\u00fcn ve hizmetlerimizin g\u00fcvenli bir \u015fekilde kesintisiz olarak sunulabilmesi ve yasal y\u00fck\u00fcml\u00fcl\u00fcklerin yerine getirilmesi ama\u00e7lanmaktad\u0131r.<\/p>\n\n\n\n<p>Ki\u015fisel verileriniz, \u00fcr\u00fcn ve hizmetlerimizin sunulabilmesi, ald\u0131\u011f\u0131n\u0131z\/alaca\u011f\u0131n\u0131z \u00fcr\u00fcn ve hizmetlere ili\u015fkin taraf\u0131n\u0131zla ileti\u015fim kurulabilmesi, \u00fcr\u00fcn\/hizmet teklifi sunulabilmesi ve di\u011fer pazarlama faaliyetlerinde kullan\u0131lmas\u0131, yeni \u00fcr\u00fcn \u00e7al\u0131\u015fmalar\u0131, belirli kalite standard\u0131n\u0131n sa\u011flanmas\u0131 vb. ama\u00e7larla i\u015flenmektedir.<\/p>\n\n\n\n<p>6698 Say\u0131l\u0131 Ki\u015fisel Verilerin Korunmas\u0131 Kanunu kapsam\u0131nda;<\/p>\n\n\n\n<p>a) Ki\u015fisel verilerinizin i\u015flenip i\u015flenmedi\u011fini \u00f6\u011frenme,<\/p>\n\n\n\n<p>b) Ki\u015fisel verileriniz i\u015flenmi\u015fse buna ili\u015fkin bilgi talep etme,<\/p>\n\n\n\n<p>c) Ki\u015fisel verilerinizin i\u015flenme amac\u0131n\u0131 ve bunlar\u0131n amac\u0131na uygun kullan\u0131l\u0131p kullan\u0131lmad\u0131\u011f\u0131n\u0131 \u00f6\u011frenme,<\/p>\n\n\n\n<p>d) Yurti\u00e7inde veya yurtd\u0131\u015f\u0131nda ki\u015fisel verilerinizin aktar\u0131ld\u0131\u011f\u0131 \u00fc\u00e7\u00fcnc\u00fc ki\u015fi, kurulu\u015f ya da resmi makamlar\u0131 \u00f6\u011frenebilme,<\/p>\n\n\n\n<p>e) Ki\u015fisel verilerinizin eksik veya yanl\u0131\u015f i\u015flenmi\u015f olmas\u0131 h\u00e2linde bunlar\u0131n d\u00fczeltilmesini isteme,<\/p>\n\n\n\n<p>f) 6698 say\u0131l\u0131 Kanunun 7. maddesinde \u00f6ng\u00f6r\u00fclen \u015fartlar \u00e7er\u00e7evesinde ki\u015fisel verilerinizin silinmesini ya da yok edilmesini isteme,<\/p>\n\n\n\n<p>g) (d) ve (e) bentleri uyar\u0131nca yap\u0131lan i\u015flemlerin, ki\u015fisel verilerinizin aktar\u0131ld\u0131\u011f\u0131 \u00fc\u00e7\u00fcnc\u00fc ki\u015filere bildirilmesini isteme,<\/p>\n\n\n\n<p>h) \u0130\u015flenen verilerinizin m\u00fcnhas\u0131ran otomatik sistemler vas\u0131tas\u0131yla analiz edilmesi suretiyle ki\u015finin kendisi aleyhine bir sonucun ortaya \u00e7\u0131kmas\u0131na itiraz etme,<\/p>\n\n\n\n<p>i) Ki\u015fisel verilerinizin kanuna ayk\u0131r\u0131 olarak i\u015flenmesi sebebiyle zarara u\u011franmas\u0131 h\u00e2linde zarar\u0131n giderilmesini talep etme hakk\u0131n\u0131z bulunmaktad\u0131r.<\/p>\n","protected":false},"excerpt":{"rendered":"<p>Bu bilgilendirme, 6698 say\u0131l\u0131 &#8220;Ki\u015fisel Verilerin Korunmas\u0131 Kanunu\u201dnun 10. maddesi gere\u011fince ve yasal zorunluluk nedeniyle yap\u0131lmaktad\u0131r. Ticari \u00dcnvan:&nbsp;EVEREST G\u0130R\u0130\u015e\u0130M M\u00dcH. [&hellip;]<\/p>\n","protected":false},"author":1,"featured_media":0,"parent":0,"menu_order":0,"comment_status":"closed","ping_status":"closed","template":"","meta":{"site-sidebar-layout":"default","site-content-layout":"","ast-site-content-layout":"default","site-content-style":"default","site-sidebar-style":"default","ast-global-header-display":"","ast-banner-title-visibility":"","ast-main-header-display":"","ast-hfb-above-header-display":"","ast-hfb-below-header-display":"","ast-hfb-mobile-header-display":"","site-post-title":"","ast-breadcrumbs-content":"","ast-featured-img":"","footer-sml-layout":"","ast-disable-related-posts":"","theme-transparent-header-meta":"","adv-header-id-meta":"","stick-header-meta":"","header-above-stick-meta":"","header-main-stick-meta":"","header-below-stick-meta":"","astra-migrate-meta-layouts":"default","ast-page-background-enabled":"default","ast-page-background-meta":{"desktop":{"background-color":"var(--ast-global-color-5)","background-image":"","background-repeat":"repeat","background-position":"center center","background-size":"auto","background-attachment":"scroll","background-type":"","background-media":"","overlay-type":"","overlay-color":"","overlay-opacity":"","overlay-gradient":""},"tablet":{"background-color":"","background-image":"","background-repeat":"repeat","background-position":"center center","background-size":"auto","background-attachment":"scroll","background-type":"","background-media":"","overlay-type":"","overlay-color":"","overlay-opacity":"","overlay-gradient":""},"mobile":{"background-color":"","background-image":"","background-repeat":"repeat","background-position":"center center","background-size":"auto","background-attachment":"scroll","background-type":"","background-media":"","overlay-type":"","overlay-color":"","overlay-opacity":"","overlay-gradient":""}},"ast-content-background-meta":{"desktop":{"background-color":"var(--ast-global-color-4)","background-image":"","background-repeat":"repeat","background-position":"center center","background-size":"auto","background-attachment":"scroll","background-type":"","background-media":"","overlay-type":"","overlay-color":"","overlay-opacity":"","overlay-gradient":""},"tablet":{"background-color":"var(--ast-global-color-4)","background-image":"","background-repeat":"repeat","background-position":"center center","background-size":"auto","background-attachment":"scroll","background-type":"","background-media":"","overlay-type":"","overlay-color":"","overlay-opacity":"","overlay-gradient":""},"mobile":{"background-color":"var(--ast-global-color-4)","background-image":"","background-repeat":"repeat","background-position":"center center","background-size":"auto","background-attachment":"scroll","background-type":"","background-media":"","overlay-type":"","overlay-color":"","overlay-opacity":"","overlay-gradient":""}},"footnotes":""},"class_list":["post-78","page","type-page","status-publish","hentry"],"_links":{"self":[{"href":"https:\/\/www.nemtut.com.tr\/index.php\/wp-json\/wp\/v2\/pages\/78","targetHints":{"allow":["GET"]}}],"collection":[{"href":"https:\/\/www.nemtut.com.tr\/index.php\/wp-json\/wp\/v2\/pages"}],"about":[{"href":"https:\/\/www.nemtut.com.tr\/index.php\/wp-json\/wp\/v2\/types\/page"}],"author":[{"embeddable":true,"href":"https:\/\/www.nemtut.com.tr\/index.php\/wp-json\/wp\/v2\/users\/1"}],"replies":[{"embeddable":true,"href":"https:\/\/www.nemtut.com.tr\/index.php\/wp-json\/wp\/v2\/comments?post=78"}],"version-history":[{"count":1,"href":"https:\/\/www.nemtut.com.tr\/index.php\/wp-json\/wp\/v2\/pages\/78\/revisions"}],"predecessor-version":[{"id":80,"href":"https:\/\/www.nemtut.com.tr\/index.php\/wp-json\/wp\/v2\/pages\/78\/revisions\/80"}],"wp:attachment":[{"href":"https:\/\/www.nemtut.com.tr\/index.php\/wp-json\/wp\/v2\/media?parent=78"}],"curies":[{"name":"wp","href":"https:\/\/api.w.org\/{rel}","templated":true}]}}