{"id":781,"date":"2025-11-23T18:46:15","date_gmt":"2025-11-23T15:46:15","guid":{"rendered":"https:\/\/magaza.nemtut.com.tr\/?page_id=781"},"modified":"2026-01-03T16:36:54","modified_gmt":"2026-01-03T13:36:54","slug":"misyonumuz","status":"publish","type":"page","link":"https:\/\/www.nemtut.com.tr\/index.php\/misyonumuz","title":{"rendered":"Misyonumuz"},"content":{"rendered":"\n<p>Everest Giri\u015fim M\u00fchendislik olarak misyonumuz, <strong>nemin gizli tehdidini g\u00f6r\u00fcn\u00fcr \u00e7\u00f6z\u00fcmlerle bertaraf etmektir<\/strong>.<\/p>\n\n\n\n<p>Farkl\u0131 sekt\u00f6rlerde \u2014 lojistikten \u00fcretimden, otomotivden elektroni\u011fe \u2014 faaliyet g\u00f6steren i\u015fletmelerin <strong>nem kaynakl\u0131 \u00fcr\u00fcn kay\u0131plar\u0131n\u0131, korozyonu, k\u00fcf olu\u015fumunu ve kalite risklerini en aza indirmek<\/strong> i\u00e7in m\u00fchendislik temelli, y\u00fcksek performansl\u0131 nem kontrol \u00e7\u00f6z\u00fcmleri geli\u015ftiriyoruz.<\/p>\n\n\n\n<p>Temel ilkelerimiz:<\/p>\n\n\n\n<ul class=\"wp-block-list\">\n<li>\ud83c\udfaf <strong>M\u00fc\u015fteri ihtiyac\u0131n\u0131 do\u011fru okumak<\/strong>,<\/li>\n\n\n\n<li>\ud83d\udd2c <strong>M\u00fchendislik bilgisiyle yenilik\u00e7i ve ekonomik \u00fcr\u00fcnler \u00fcretmek<\/strong>,<\/li>\n\n\n\n<li>\ud83d\udee1\ufe0f <strong>Sekt\u00f6r standartlar\u0131n\u0131n \u00f6tesinde koruma sunmak<\/strong>,<\/li>\n\n\n\n<li>\ud83c\udf31 <strong>Kaliteden \u00f6d\u00fcn vermeden, \u00e7evreye duyarl\u0131 s\u00fcre\u00e7lerle s\u00fcrd\u00fcr\u00fclebilir \u00fcretim yapmak<\/strong>.<\/li>\n<\/ul>\n\n\n\n<p>Amac\u0131m\u0131z sadece \u00fcr\u00fcn satmak de\u011fil;<br>m\u00fc\u015fterilerimizin <strong>operasyonel risklerini azaltarak<\/strong>, <strong>maliyetlerini optimize ederek<\/strong> ve <strong>kalite s\u00fcre\u00e7lerini destekleyerek<\/strong> onlarla uzun vadeli, g\u00fcvene dayal\u0131 i\u015f ortakl\u0131klar\u0131 kurmakt\u0131r.<\/p>\n\n\n\n<p><strong>Nem sizin sorununuzsa, \u00e7\u00f6z\u00fcm bizim misyonumuzdur.<\/strong><\/p>\n","protected":false},"excerpt":{"rendered":"<p>Everest Giri\u015fim M\u00fchendislik olarak misyonumuz, nemin gizli tehdidini g\u00f6r\u00fcn\u00fcr \u00e7\u00f6z\u00fcmlerle bertaraf etmektir. Farkl\u0131 sekt\u00f6rlerde \u2014 lojistikten \u00fcretimden, otomotivden elektroni\u011fe \u2014 [&hellip;]<\/p>\n","protected":false},"author":3,"featured_media":0,"parent":0,"menu_order":0,"comment_status":"closed","ping_status":"closed","template":"","meta":{"site-sidebar-layout":"default","site-content-layout":"","ast-site-content-layout":"default","site-content-style":"default","site-sidebar-style":"default","ast-global-header-display":"","ast-banner-title-visibility":"","ast-main-header-display":"","ast-hfb-above-header-display":"","ast-hfb-below-header-display":"","ast-hfb-mobile-header-display":"","site-post-title":"","ast-breadcrumbs-content":"","ast-featured-img":"","footer-sml-layout":"","ast-disable-related-posts":"","theme-transparent-header-meta":"","adv-header-id-meta":"","stick-header-meta":"","header-above-stick-meta":"","header-main-stick-meta":"","header-below-stick-meta":"","astra-migrate-meta-layouts":"default","ast-page-background-enabled":"default","ast-page-background-meta":{"desktop":{"background-color":"var(--ast-global-color-5)","background-image":"","background-repeat":"repeat","background-position":"center center","background-size":"auto","background-attachment":"scroll","background-type":"","background-media":"","overlay-type":"","overlay-color":"","overlay-opacity":"","overlay-gradient":""},"tablet":{"background-color":"","background-image":"","background-repeat":"repeat","background-position":"center center","background-size":"auto","background-attachment":"scroll","background-type":"","background-media":"","overlay-type":"","overlay-color":"","overlay-opacity":"","overlay-gradient":""},"mobile":{"background-color":"","background-image":"","background-repeat":"repeat","background-position":"center center","background-size":"auto","background-attachment":"scroll","background-type":"","background-media":"","overlay-type":"","overlay-color":"","overlay-opacity":"","overlay-gradient":""}},"ast-content-background-meta":{"desktop":{"background-color":"var(--ast-global-color-4)","background-image":"","background-repeat":"repeat","background-position":"center center","background-size":"auto","background-attachment":"scroll","background-type":"","background-media":"","overlay-type":"","overlay-color":"","overlay-opacity":"","overlay-gradient":""},"tablet":{"background-color":"var(--ast-global-color-4)","background-image":"","background-repeat":"repeat","background-position":"center center","background-size":"auto","background-attachment":"scroll","background-type":"","background-media":"","overlay-type":"","overlay-color":"","overlay-opacity":"","overlay-gradient":""},"mobile":{"background-color":"var(--ast-global-color-4)","background-image":"","background-repeat":"repeat","background-position":"center center","background-size":"auto","background-attachment":"scroll","background-type":"","background-media":"","overlay-type":"","overlay-color":"","overlay-opacity":"","overlay-gradient":""}},"footnotes":""},"class_list":["post-781","page","type-page","status-publish","hentry"],"_links":{"self":[{"href":"https:\/\/www.nemtut.com.tr\/index.php\/wp-json\/wp\/v2\/pages\/781","targetHints":{"allow":["GET"]}}],"collection":[{"href":"https:\/\/www.nemtut.com.tr\/index.php\/wp-json\/wp\/v2\/pages"}],"about":[{"href":"https:\/\/www.nemtut.com.tr\/index.php\/wp-json\/wp\/v2\/types\/page"}],"author":[{"embeddable":true,"href":"https:\/\/www.nemtut.com.tr\/index.php\/wp-json\/wp\/v2\/users\/3"}],"replies":[{"embeddable":true,"href":"https:\/\/www.nemtut.com.tr\/index.php\/wp-json\/wp\/v2\/comments?post=781"}],"version-history":[{"count":2,"href":"https:\/\/www.nemtut.com.tr\/index.php\/wp-json\/wp\/v2\/pages\/781\/revisions"}],"predecessor-version":[{"id":830,"href":"https:\/\/www.nemtut.com.tr\/index.php\/wp-json\/wp\/v2\/pages\/781\/revisions\/830"}],"wp:attachment":[{"href":"https:\/\/www.nemtut.com.tr\/index.php\/wp-json\/wp\/v2\/media?parent=781"}],"curies":[{"name":"wp","href":"https:\/\/api.w.org\/{rel}","templated":true}]}}