{"id":783,"date":"2025-11-23T18:46:38","date_gmt":"2025-11-23T15:46:38","guid":{"rendered":"https:\/\/magaza.nemtut.com.tr\/?page_id=783"},"modified":"2026-01-03T16:37:50","modified_gmt":"2026-01-03T13:37:50","slug":"vizyonumuz","status":"publish","type":"page","link":"https:\/\/www.nemtut.com.tr\/index.php\/vizyonumuz","title":{"rendered":"Vizyonumuz"},"content":{"rendered":"\n<p>Everest Giri\u015fim M\u00fchendislik olarak vizyonumuz, <strong>nem kontrol\u00fc ve koruyucu ambalaj \u00e7\u00f6z\u00fcmleri alan\u0131nda T\u00fcrkiye\u2019nin \u00f6nc\u00fc markas\u0131 olmak<\/strong>; ayn\u0131 zamanda <strong>k\u00fcresel \u00f6l\u00e7ekte g\u00fcvenilir, tercih edilen ve etkisi kan\u0131tlanm\u0131\u015f bir \u00e7\u00f6z\u00fcm orta\u011f\u0131<\/strong> haline gelmektir.<\/p>\n\n\n\n<p>Sadece mevcut teknolojileri takip etmekle yetinmiyoruz\u2014<strong>yenilikleri biz \u015fekillendiriyoruz<\/strong>.<br>M\u00fchendislik temelli yakla\u015f\u0131m\u0131m\u0131z, y\u00fcksek kalite standartlar\u0131m\u0131z ve s\u00fcrekli geli\u015fim k\u00fclt\u00fcr\u00fcm\u00fcz sayesinde sekt\u00f6rde <strong>&#8220;ne yap\u0131labilece\u011fini&#8221; de\u011fil, &#8220;ne yap\u0131lmas\u0131 gerekti\u011fini&#8221; g\u00f6steren bir firma<\/strong> olmay\u0131 hedefliyoruz.<\/p>\n\n\n\n<p>Gelece\u011fe d\u00f6n\u00fck hedeflerimizde \u00fc\u00e7 temel ilkeyi merkeze al\u0131yoruz:<br>\u2705 <strong>Daha dayan\u0131kl\u0131 \u00fcr\u00fcnler<\/strong> \u2013 Her ko\u015fulda performans\u0131n\u0131 kan\u0131tlayan \u00e7\u00f6z\u00fcmler,<br>\u2705 <strong>Daha \u00e7evre dostu s\u00fcre\u00e7ler<\/strong> \u2013 S\u00fcrd\u00fcr\u00fclebilirlikten \u00f6d\u00fcn vermeyen \u00fcretim,<br>\u2705 <strong>Daha ak\u0131ll\u0131 koruma<\/strong> \u2013 Farkl\u0131 sekt\u00f6rlerin dinamik ihtiya\u00e7lar\u0131na uygun, kan\u0131ta dayal\u0131 nem kontrol sistemleri.<\/p>\n\n\n\n<p>Nihai amac\u0131m\u0131z, m\u00fc\u015fterilerimizin \u00fcretim, depolama ve lojistik s\u00fcre\u00e7lerini <strong>daha g\u00fcvenli, daha verimli ve daha s\u00fcrd\u00fcr\u00fclebilir<\/strong> hale getirmek\u2014<strong>her NemTut paketiyle, bir ad\u0131m daha ileri giderek.<\/strong><\/p>\n\n\n\n<p><strong>Nemi kontrol alt\u0131na almak, gelece\u011fi korumakt\u0131r.<\/strong><br>Ve biz, o gelece\u011fi in\u015fa ediyoruz.<\/p>\n","protected":false},"excerpt":{"rendered":"<p>Everest Giri\u015fim M\u00fchendislik olarak vizyonumuz, nem kontrol\u00fc ve koruyucu ambalaj \u00e7\u00f6z\u00fcmleri alan\u0131nda T\u00fcrkiye\u2019nin \u00f6nc\u00fc markas\u0131 olmak; ayn\u0131 zamanda k\u00fcresel \u00f6l\u00e7ekte [&hellip;]<\/p>\n","protected":false},"author":3,"featured_media":0,"parent":0,"menu_order":0,"comment_status":"closed","ping_status":"closed","template":"","meta":{"site-sidebar-layout":"default","site-content-layout":"","ast-site-content-layout":"default","site-content-style":"default","site-sidebar-style":"default","ast-global-header-display":"","ast-banner-title-visibility":"","ast-main-header-display":"","ast-hfb-above-header-display":"","ast-hfb-below-header-display":"","ast-hfb-mobile-header-display":"","site-post-title":"","ast-breadcrumbs-content":"","ast-featured-img":"","footer-sml-layout":"","ast-disable-related-posts":"","theme-transparent-header-meta":"","adv-header-id-meta":"","stick-header-meta":"","header-above-stick-meta":"","header-main-stick-meta":"","header-below-stick-meta":"","astra-migrate-meta-layouts":"default","ast-page-background-enabled":"default","ast-page-background-meta":{"desktop":{"background-color":"var(--ast-global-color-5)","background-image":"","background-repeat":"repeat","background-position":"center center","background-size":"auto","background-attachment":"scroll","background-type":"","background-media":"","overlay-type":"","overlay-color":"","overlay-opacity":"","overlay-gradient":""},"tablet":{"background-color":"","background-image":"","background-repeat":"repeat","background-position":"center center","background-size":"auto","background-attachment":"scroll","background-type":"","background-media":"","overlay-type":"","overlay-color":"","overlay-opacity":"","overlay-gradient":""},"mobile":{"background-color":"","background-image":"","background-repeat":"repeat","background-position":"center center","background-size":"auto","background-attachment":"scroll","background-type":"","background-media":"","overlay-type":"","overlay-color":"","overlay-opacity":"","overlay-gradient":""}},"ast-content-background-meta":{"desktop":{"background-color":"var(--ast-global-color-4)","background-image":"","background-repeat":"repeat","background-position":"center center","background-size":"auto","background-attachment":"scroll","background-type":"","background-media":"","overlay-type":"","overlay-color":"","overlay-opacity":"","overlay-gradient":""},"tablet":{"background-color":"var(--ast-global-color-4)","background-image":"","background-repeat":"repeat","background-position":"center center","background-size":"auto","background-attachment":"scroll","background-type":"","background-media":"","overlay-type":"","overlay-color":"","overlay-opacity":"","overlay-gradient":""},"mobile":{"background-color":"var(--ast-global-color-4)","background-image":"","background-repeat":"repeat","background-position":"center center","background-size":"auto","background-attachment":"scroll","background-type":"","background-media":"","overlay-type":"","overlay-color":"","overlay-opacity":"","overlay-gradient":""}},"footnotes":""},"class_list":["post-783","page","type-page","status-publish","hentry"],"_links":{"self":[{"href":"https:\/\/www.nemtut.com.tr\/index.php\/wp-json\/wp\/v2\/pages\/783","targetHints":{"allow":["GET"]}}],"collection":[{"href":"https:\/\/www.nemtut.com.tr\/index.php\/wp-json\/wp\/v2\/pages"}],"about":[{"href":"https:\/\/www.nemtut.com.tr\/index.php\/wp-json\/wp\/v2\/types\/page"}],"author":[{"embeddable":true,"href":"https:\/\/www.nemtut.com.tr\/index.php\/wp-json\/wp\/v2\/users\/3"}],"replies":[{"embeddable":true,"href":"https:\/\/www.nemtut.com.tr\/index.php\/wp-json\/wp\/v2\/comments?post=783"}],"version-history":[{"count":5,"href":"https:\/\/www.nemtut.com.tr\/index.php\/wp-json\/wp\/v2\/pages\/783\/revisions"}],"predecessor-version":[{"id":831,"href":"https:\/\/www.nemtut.com.tr\/index.php\/wp-json\/wp\/v2\/pages\/783\/revisions\/831"}],"wp:attachment":[{"href":"https:\/\/www.nemtut.com.tr\/index.php\/wp-json\/wp\/v2\/media?parent=783"}],"curies":[{"name":"wp","href":"https:\/\/api.w.org\/{rel}","templated":true}]}}