{"id":83,"date":"2023-11-29T11:51:47","date_gmt":"2023-11-29T08:51:47","guid":{"rendered":"https:\/\/magaza.nemtut.com.tr\/?page_id=83"},"modified":"2023-11-29T11:51:48","modified_gmt":"2023-11-29T08:51:48","slug":"musteri-hizmetleri","status":"publish","type":"page","link":"https:\/\/www.nemtut.com.tr\/index.php\/musteri-hizmetleri","title":{"rendered":"M\u00fc\u015fteri Hizmetleri"},"content":{"rendered":"\n<figure class=\"wp-block-image size-large\"><img loading=\"lazy\" decoding=\"async\" width=\"1024\" height=\"142\" src=\"https:\/\/magaza.nemtut.com.tr\/wp-content\/uploads\/2023\/11\/nemtut_musterihizmetleri_baslik-1-1024x142.png\" alt=\"\" class=\"wp-image-51\" srcset=\"https:\/\/www.nemtut.com.tr\/wp-content\/uploads\/2023\/11\/nemtut_musterihizmetleri_baslik-1-1024x142.png 1024w, https:\/\/www.nemtut.com.tr\/wp-content\/uploads\/2023\/11\/nemtut_musterihizmetleri_baslik-1-300x42.png 300w, https:\/\/www.nemtut.com.tr\/wp-content\/uploads\/2023\/11\/nemtut_musterihizmetleri_baslik-1-768x107.png 768w, https:\/\/www.nemtut.com.tr\/wp-content\/uploads\/2023\/11\/nemtut_musterihizmetleri_baslik-1-600x83.png 600w, https:\/\/www.nemtut.com.tr\/wp-content\/uploads\/2023\/11\/nemtut_musterihizmetleri_baslik-1.png 1303w\" sizes=\"auto, (max-width: 1024px) 100vw, 1024px\" \/><\/figure>\n\n\n\n<figure class=\"wp-block-table\"><table><tbody><tr><td>\u00dcYEL\u0130K<\/td><\/tr><\/tbody><\/table><\/figure>\n\n\n\n<p><strong><u>Yeni \u00dcyelik<\/u><\/strong><br>&nbsp; &nbsp; &nbsp; &nbsp; &nbsp; Sistemize \u00fccretsiz \u00fcye olabilir, \u00fcyelere \u00f6zel avantajlardan yararlanabilirsiniz.<\/p>\n\n\n\n<ul class=\"wp-block-list\">\n<li><\/li>\n\n\n\n<li><strong><u>\u00dcye Giri\u015fi<\/u><\/strong><\/li>\n\n\n\n<li>&nbsp; &nbsp; &nbsp; &nbsp; &nbsp; Sistemin sizi tan\u0131yabilmesi i\u00e7in, l\u00fctfen \u00fcye giri\u015fi yap\u0131n\u0131z.<\/li>\n<\/ul>\n\n\n\n<p><strong><u>\u015eifre Hat\u0131rlatma<\/u><\/strong><br>&nbsp; &nbsp; &nbsp; &nbsp; &nbsp; \u015eifrenizi unuttuysan\u0131z, \u015fifrenizi e-posta yolu ile size ula\u015ft\u0131rabiliriz.<\/p>\n\n\n\n<figure class=\"wp-block-table\"><table><tbody><tr><td>S\u0130PAR\u0130\u015eLER<\/td><\/tr><\/tbody><\/table><\/figure>\n\n\n\n<p><br><strong><u>Sipari\u015f \u0130zleme<\/u><\/strong><br>&nbsp; &nbsp; &nbsp; &nbsp; &nbsp; Yapt\u0131\u011f\u0131n\u0131z t\u00fcm sipari\u015finizin durumlar\u0131n\u0131 buradan izleyebilirsiniz.<br><br><strong><u>Sipari\u015f Yard\u0131m Formu<\/u><\/strong><br>&nbsp; &nbsp; &nbsp; &nbsp; &nbsp;&nbsp;Sipari\u015finizle ilgili t\u00fcm sorunlar\u0131 bu b\u00f6l\u00fcmden bizlere an\u0131nda iletebilirsiniz.<br>&nbsp; &nbsp; &nbsp; &nbsp; &nbsp; Ar\u0131zal\u0131 \u00fcr\u00fcnler, kargodan eksik \u00e7\u0131kan \u00fcr\u00fcnler, teslimat problemleri ve \u00fcr\u00fcnler ile ilgili di\u011fer t\u00fcm sorunlar i\u00e7in l\u00fctfen sipari\u015f yard\u0131m formunu kullanabilirsiniz.<\/p>\n\n\n\n<p><strong><u>\u00d6deme Bildirim Formu<\/u><\/strong><br>&nbsp; &nbsp; &nbsp; &nbsp; &nbsp; Yapt\u0131\u011f\u0131n\u0131z havale\/eft \u00f6demelerinizi m\u00fc\u015fteri temsilcinize buradan ula\u015ft\u0131rabilirsiniz.<\/p>\n","protected":false},"excerpt":{"rendered":"<p>\u00dcYEL\u0130K Yeni \u00dcyelik&nbsp; &nbsp; &nbsp; &nbsp; &nbsp; Sistemize \u00fccretsiz \u00fcye olabilir, \u00fcyelere \u00f6zel avantajlardan yararlanabilirsiniz. \u015eifre Hat\u0131rlatma&nbsp; &nbsp; &nbsp; &nbsp; [&hellip;]<\/p>\n","protected":false},"author":1,"featured_media":0,"parent":0,"menu_order":0,"comment_status":"closed","ping_status":"closed","template":"","meta":{"site-sidebar-layout":"default","site-content-layout":"","ast-site-content-layout":"default","site-content-style":"default","site-sidebar-style":"default","ast-global-header-display":"","ast-banner-title-visibility":"","ast-main-header-display":"","ast-hfb-above-header-display":"","ast-hfb-below-header-display":"","ast-hfb-mobile-header-display":"","site-post-title":"","ast-breadcrumbs-content":"","ast-featured-img":"","footer-sml-layout":"","ast-disable-related-posts":"","theme-transparent-header-meta":"","adv-header-id-meta":"","stick-header-meta":"","header-above-stick-meta":"","header-main-stick-meta":"","header-below-stick-meta":"","astra-migrate-meta-layouts":"default","ast-page-background-enabled":"default","ast-page-background-meta":{"desktop":{"background-color":"var(--ast-global-color-5)","background-image":"","background-repeat":"repeat","background-position":"center center","background-size":"auto","background-attachment":"scroll","background-type":"","background-media":"","overlay-type":"","overlay-color":"","overlay-opacity":"","overlay-gradient":""},"tablet":{"background-color":"","background-image":"","background-repeat":"repeat","background-position":"center center","background-size":"auto","background-attachment":"scroll","background-type":"","background-media":"","overlay-type":"","overlay-color":"","overlay-opacity":"","overlay-gradient":""},"mobile":{"background-color":"","background-image":"","background-repeat":"repeat","background-position":"center center","background-size":"auto","background-attachment":"scroll","background-type":"","background-media":"","overlay-type":"","overlay-color":"","overlay-opacity":"","overlay-gradient":""}},"ast-content-background-meta":{"desktop":{"background-color":"var(--ast-global-color-4)","background-image":"","background-repeat":"repeat","background-position":"center center","background-size":"auto","background-attachment":"scroll","background-type":"","background-media":"","overlay-type":"","overlay-color":"","overlay-opacity":"","overlay-gradient":""},"tablet":{"background-color":"var(--ast-global-color-4)","background-image":"","background-repeat":"repeat","background-position":"center center","background-size":"auto","background-attachment":"scroll","background-type":"","background-media":"","overlay-type":"","overlay-color":"","overlay-opacity":"","overlay-gradient":""},"mobile":{"background-color":"var(--ast-global-color-4)","background-image":"","background-repeat":"repeat","background-position":"center center","background-size":"auto","background-attachment":"scroll","background-type":"","background-media":"","overlay-type":"","overlay-color":"","overlay-opacity":"","overlay-gradient":""}},"footnotes":""},"class_list":["post-83","page","type-page","status-publish","hentry"],"_links":{"self":[{"href":"https:\/\/www.nemtut.com.tr\/index.php\/wp-json\/wp\/v2\/pages\/83","targetHints":{"allow":["GET"]}}],"collection":[{"href":"https:\/\/www.nemtut.com.tr\/index.php\/wp-json\/wp\/v2\/pages"}],"about":[{"href":"https:\/\/www.nemtut.com.tr\/index.php\/wp-json\/wp\/v2\/types\/page"}],"author":[{"embeddable":true,"href":"https:\/\/www.nemtut.com.tr\/index.php\/wp-json\/wp\/v2\/users\/1"}],"replies":[{"embeddable":true,"href":"https:\/\/www.nemtut.com.tr\/index.php\/wp-json\/wp\/v2\/comments?post=83"}],"version-history":[{"count":1,"href":"https:\/\/www.nemtut.com.tr\/index.php\/wp-json\/wp\/v2\/pages\/83\/revisions"}],"predecessor-version":[{"id":84,"href":"https:\/\/www.nemtut.com.tr\/index.php\/wp-json\/wp\/v2\/pages\/83\/revisions\/84"}],"wp:attachment":[{"href":"https:\/\/www.nemtut.com.tr\/index.php\/wp-json\/wp\/v2\/media?parent=83"}],"curies":[{"name":"wp","href":"https:\/\/api.w.org\/{rel}","templated":true}]}}